{"id":1115,"date":"2022-10-25T04:06:02","date_gmt":"2022-10-25T04:06:02","guid":{"rendered":"https:\/\/actis.nl\/cc4teams\/"},"modified":"2023-02-20T14:46:19","modified_gmt":"2023-02-20T14:46:19","slug":"cc4teams","status":"publish","type":"page","link":"https:\/\/actis.nl\/nl\/cc4all\/cc4teams\/","title":{"rendered":"CC4Teams"},"content":{"rendered":"<p>[et_pb_section fb_built=&#8221;1&#8243; _builder_version=&#8221;4.19.5&#8243; _module_preset=&#8221;default&#8221; background_image=&#8221;https:\/\/actis.nl\/wp-content\/uploads\/2023\/01\/header-cc4all-cc4teams.jpg&#8221; custom_padding=&#8221;100px||100px||true|false&#8221; global_colors_info=&#8221;{}&#8221;][et_pb_row _builder_version=&#8221;4.19.4&#8243; _module_preset=&#8221;default&#8221; global_colors_info=&#8221;{}&#8221;][et_pb_column type=&#8221;4_4&#8243; _builder_version=&#8221;4.19.4&#8243; _module_preset=&#8221;default&#8221; global_colors_info=&#8221;{}&#8221;][\/et_pb_column][\/et_pb_row][\/et_pb_section][et_pb_section fb_built=&#8221;1&#8243; custom_padding_last_edited=&#8221;on|phone&#8221; _builder_version=&#8221;4.18.0&#8243; _module_preset=&#8221;default&#8221; custom_padding=&#8221;40px||40px||false|false&#8221; custom_padding_tablet=&#8221;40px||40px||false|false&#8221; custom_padding_phone=&#8221;20px||20px||false|false&#8221; global_colors_info=&#8221;{}&#8221;][et_pb_row _builder_version=&#8221;4.18.0&#8243; _module_preset=&#8221;default&#8221; global_colors_info=&#8221;{}&#8221;][et_pb_column type=&#8221;4_4&#8243; _builder_version=&#8221;4.18.0&#8243; _module_preset=&#8221;default&#8221; global_colors_info=&#8221;{}&#8221;][et_pb_text _builder_version=&#8221;4.20.0&#8243; _module_preset=&#8221;default&#8221; header_font=&#8221;|600|||||||&#8221; header_line_height=&#8221;1.1em&#8221; header_2_font=&#8221;|600|||||||&#8221; header_2_font_size=&#8221;30px&#8221; header_2_line_height=&#8221;1.1em&#8221; header_3_font=&#8221;|600||on|||||&#8221; header_3_font_size=&#8221;15px&#8221; custom_padding=&#8221;|60%|||false|false&#8221; custom_padding_tablet=&#8221;|30%|||false|false&#8221; custom_padding_phone=&#8221;|0%|||false|false&#8221; custom_padding_last_edited=&#8221;on|phone&#8221; hover_enabled=&#8221;0&#8243; header_font_size_tablet=&#8221;&#8221; header_font_size_phone=&#8221;26px&#8221; header_font_size_last_edited=&#8221;on|phone&#8221; global_colors_info=&#8221;{}&#8221; sticky_enabled=&#8221;0&#8243;]<\/p>\n<h3>Contact Center Teams<\/h3>\n<h1>Samenwerken en communiceren met CC4Teams<\/h1>\n<p>[\/et_pb_text][et_pb_divider divider_weight=&#8221;4px&#8221; _builder_version=&#8221;4.18.0&#8243; _module_preset=&#8221;default&#8221; width=&#8221;150px&#8221; width_tablet=&#8221;150px&#8221; width_phone=&#8221;125px&#8221; width_last_edited=&#8221;on|phone&#8221; custom_margin=&#8221;-20px||||false|false&#8221; global_colors_info=&#8221;{}&#8221;][\/et_pb_divider][\/et_pb_column][\/et_pb_row][et_pb_row column_structure=&#8221;2_3,1_3&#8243; _builder_version=&#8221;4.18.0&#8243; _module_preset=&#8221;default&#8221; custom_padding=&#8221;0px||||false|false&#8221; global_colors_info=&#8221;{}&#8221;][et_pb_column type=&#8221;2_3&#8243; _builder_version=&#8221;4.18.0&#8243; _module_preset=&#8221;default&#8221; global_colors_info=&#8221;{}&#8221;][et_pb_text _builder_version=&#8221;4.20.0&#8243; _module_preset=&#8221;default&#8221; hover_enabled=&#8221;0&#8243; global_colors_info=&#8221;{}&#8221; sticky_enabled=&#8221;0&#8243;]<\/p>\n<p>CC4Teams is gebouwd met het oog op samenwerking en communicatie. CC4Teams voegt functionaliteit toe die een Contact Center agent nodig heeft. Samen zorgt dit voor veel nieuwe en effici\u00ebnte manieren voor uw Contact Center-teams en -groepen om samen te werken en de prestaties te verbeteren, bijvoorbeeld door toegang te krijgen tot de volledige kennisbank van het team, of door de Teams-chat te gebruiken en te praten over onderwerpen tussen agenten. Alle gesprekken van de agenten met teamleden blijven op \u00e9\u00e9n plek beschikbaar voor snelle referentie. Het snel vinden van de juiste antwoorden maximaliseert de effici\u00ebntie van agenten.<\/p>\n<p>Met CC4Teams zijn spraakkanalen volledig ge\u00efntegreerd. Deze integratie maakt spraakfunctionaliteiten mogelijk, zoals inkomende gesprekken, gespreksopname en doorverbinden van warme en koude gesprekken.<\/p>\n<p>[\/et_pb_text][\/et_pb_column][et_pb_column type=&#8221;1_3&#8243; _builder_version=&#8221;4.18.0&#8243; _module_preset=&#8221;default&#8221; global_colors_info=&#8221;{}&#8221;][et_pb_image src=&#8221;https:\/\/actis.nl\/wp-content\/uploads\/2022\/10\/actis-cc4teams.jpg&#8221; alt=&#8221;CC4Teams&#8221; _builder_version=&#8221;4.18.0&#8243; _module_preset=&#8221;default&#8221; border_radii=&#8221;on|4px|4px|4px|4px&#8221; global_colors_info=&#8221;{}&#8221;][\/et_pb_image][\/et_pb_column][\/et_pb_row][\/et_pb_section][et_pb_section fb_built=&#8221;1&#8243; _builder_version=&#8221;4.18.0&#8243; _module_preset=&#8221;default&#8221; background_color=&#8221;#e7ecef&#8221; custom_padding=&#8221;40px||60px||false|false&#8221; saved_tabs=&#8221;all&#8221; global_colors_info=&#8221;{}&#8221;][et_pb_row _builder_version=&#8221;4.18.0&#8243; _module_preset=&#8221;default&#8221; custom_padding=&#8221;||0px||false|false&#8221; global_colors_info=&#8221;{}&#8221;][et_pb_column type=&#8221;4_4&#8243; _builder_version=&#8221;4.18.0&#8243; _module_preset=&#8221;default&#8221; global_colors_info=&#8221;{}&#8221;][et_pb_text _builder_version=&#8221;4.20.0&#8243; _module_preset=&#8221;default&#8221; header_2_font=&#8221;|600|||||||&#8221; header_2_font_size=&#8221;30px&#8221; header_2_line_height=&#8221;1.1em&#8221; header_3_font=&#8221;|600||on|||||&#8221; header_3_font_size=&#8221;15px&#8221; text_orientation=&#8221;center&#8221; hover_enabled=&#8221;0&#8243; global_colors_info=&#8221;{}&#8221; sticky_enabled=&#8221;0&#8243;]<\/p>\n<h3>CC4All<\/h3>\n<h2>Alle Microsoft-oplossingen van Actis<\/h2>\n<p>[\/et_pb_text][et_pb_divider divider_weight=&#8221;4px&#8221; _builder_version=&#8221;4.18.0&#8243; _module_preset=&#8221;default&#8221; width=&#8221;150px&#8221; width_tablet=&#8221;150px&#8221; width_phone=&#8221;125px&#8221; width_last_edited=&#8221;on|phone&#8221; module_alignment=&#8221;center&#8221; custom_margin=&#8221;-20px||||false|false&#8221; global_colors_info=&#8221;{}&#8221;][\/et_pb_divider][\/et_pb_column][\/et_pb_row][et_pb_row _builder_version=&#8221;4.18.0&#8243; _module_preset=&#8221;default&#8221; global_colors_info=&#8221;{}&#8221;][et_pb_column type=&#8221;4_4&#8243; _builder_version=&#8221;4.18.0&#8243; _module_preset=&#8221;default&#8221; global_colors_info=&#8221;{}&#8221;][et_pb_text _builder_version=&#8221;4.20.0&#8243; _module_preset=&#8221;default&#8221; text_orientation=&#8221;center&#8221; hover_enabled=&#8221;0&#8243; global_colors_info=&#8221;{}&#8221; sticky_enabled=&#8221;0&#8243;]<\/p>\n<p>Neem contact met ons op voor meer informatie.<\/p>\n<p>[\/et_pb_text][et_pb_button button_url=&#8221;https:\/\/actis.nl\/nl\/contact\/&#8221; button_text=&#8221;Contact &#8221; button_alignment=&#8221;center&#8221; _builder_version=&#8221;4.20.0&#8243; _module_preset=&#8221;default&#8221; hover_enabled=&#8221;0&#8243; global_colors_info=&#8221;{}&#8221; sticky_enabled=&#8221;0&#8243;][\/et_pb_button][\/et_pb_column][\/et_pb_row][\/et_pb_section]<\/p>\n","protected":false},"excerpt":{"rendered":"<p>Contact Center Teams Samenwerken en communiceren met CC4TeamsCC4Teams is gebouwd met het oog op samenwerking en communicatie. CC4Teams voegt functionaliteit toe die een Contact Center agent nodig heeft. Samen zorgt dit voor veel nieuwe en effici\u00ebnte manieren voor uw Contact Center-teams en -groepen om samen te werken en de prestaties te verbeteren, bijvoorbeeld door toegang te krijgen tot de volledige kennisbank van het team, of door de Teams-chat te gebruiken en te praten over onderwerpen tussen agenten. Alle gesprekken van de agenten met teamleden blijven op \u00e9\u00e9n plek beschikbaar voor snelle referentie. Het snel vinden van de juiste antwoorden maximaliseert de effici\u00ebntie van agenten. Met CC4Teams zijn spraakkanalen volledig ge\u00efntegreerd. Deze integratie maakt spraakfunctionaliteiten mogelijk, zoals inkomende gesprekken, gespreksopname en doorverbinden van warme en koude gesprekken.CC4All Alle Microsoft-oplossingen van ActisNeem contact met ons op voor meer informatie.<\/p>\n","protected":false},"author":2,"featured_media":0,"parent":1117,"menu_order":3,"comment_status":"closed","ping_status":"closed","template":"","meta":{"_et_pb_use_builder":"on","_et_pb_old_content":"","_et_gb_content_width":"","footnotes":""},"class_list":["post-1115","page","type-page","status-publish","hentry"],"yoast_head":"<!-- This site is optimized with the Yoast SEO plugin v27.3 - https:\/\/yoast.com\/product\/yoast-seo-wordpress\/ -->\n<title>CC4Teams - Actis.nl<\/title>\n<meta name=\"robots\" content=\"index, follow, max-snippet:-1, max-image-preview:large, max-video-preview:-1\" \/>\n<link rel=\"canonical\" href=\"https:\/\/actis.nl\/nl\/cc4all\/cc4teams\/\" \/>\n<meta property=\"og:locale\" content=\"nl_NL\" \/>\n<meta property=\"og:type\" content=\"article\" \/>\n<meta property=\"og:title\" content=\"CC4Teams - Actis.nl\" \/>\n<meta property=\"og:description\" content=\"Contact Center Teams Samenwerken en communiceren met CC4TeamsCC4Teams is gebouwd met het oog op samenwerking en communicatie. CC4Teams voegt functionaliteit toe die een Contact Center agent nodig heeft. Samen zorgt dit voor veel nieuwe en effici\u00ebnte manieren voor uw Contact Center-teams en -groepen om samen te werken en de prestaties te verbeteren, bijvoorbeeld door toegang te krijgen tot de volledige kennisbank van het team, of door de Teams-chat te gebruiken en te praten over onderwerpen tussen agenten. Alle gesprekken van de agenten met teamleden blijven op \u00e9\u00e9n plek beschikbaar voor snelle referentie. Het snel vinden van de juiste antwoorden maximaliseert de effici\u00ebntie van agenten. Met CC4Teams zijn spraakkanalen volledig ge\u00efntegreerd. Deze integratie maakt spraakfunctionaliteiten mogelijk, zoals inkomende gesprekken, gespreksopname en doorverbinden van warme en koude gesprekken.CC4All Alle Microsoft-oplossingen van ActisNeem contact met ons op voor meer informatie.\" \/>\n<meta property=\"og:url\" content=\"https:\/\/actis.nl\/nl\/cc4all\/cc4teams\/\" \/>\n<meta property=\"og:site_name\" content=\"Actis.nl\" \/>\n<meta property=\"article:modified_time\" content=\"2023-02-20T14:46:19+00:00\" \/>\n<meta name=\"twitter:card\" content=\"summary_large_image\" \/>\n<script type=\"application\/ld+json\" class=\"yoast-schema-graph\">{\"@context\":\"https:\\\/\\\/schema.org\",\"@graph\":[{\"@type\":\"WebPage\",\"@id\":\"https:\\\/\\\/actis.nl\\\/nl\\\/cc4all\\\/cc4teams\\\/\",\"url\":\"https:\\\/\\\/actis.nl\\\/nl\\\/cc4all\\\/cc4teams\\\/\",\"name\":\"CC4Teams - Actis.nl\",\"isPartOf\":{\"@id\":\"https:\\\/\\\/actis.nl\\\/#website\"},\"datePublished\":\"2022-10-25T04:06:02+00:00\",\"dateModified\":\"2023-02-20T14:46:19+00:00\",\"breadcrumb\":{\"@id\":\"https:\\\/\\\/actis.nl\\\/nl\\\/cc4all\\\/cc4teams\\\/#breadcrumb\"},\"inLanguage\":\"nl-NL\",\"potentialAction\":[{\"@type\":\"ReadAction\",\"target\":[\"https:\\\/\\\/actis.nl\\\/nl\\\/cc4all\\\/cc4teams\\\/\"]}]},{\"@type\":\"BreadcrumbList\",\"@id\":\"https:\\\/\\\/actis.nl\\\/nl\\\/cc4all\\\/cc4teams\\\/#breadcrumb\",\"itemListElement\":[{\"@type\":\"ListItem\",\"position\":1,\"name\":\"Home\",\"item\":\"https:\\\/\\\/actis.nl\\\/nl\\\/\"},{\"@type\":\"ListItem\",\"position\":2,\"name\":\"CC4All\",\"item\":\"https:\\\/\\\/actis.nl\\\/nl\\\/cc4all\\\/\"},{\"@type\":\"ListItem\",\"position\":3,\"name\":\"CC4Teams\"}]},{\"@type\":\"WebSite\",\"@id\":\"https:\\\/\\\/actis.nl\\\/#website\",\"url\":\"https:\\\/\\\/actis.nl\\\/\",\"name\":\"Actis.nl\",\"description\":\"Value Added Distributor of AudioCodes\",\"potentialAction\":[{\"@type\":\"SearchAction\",\"target\":{\"@type\":\"EntryPoint\",\"urlTemplate\":\"https:\\\/\\\/actis.nl\\\/?s={search_term_string}\"},\"query-input\":{\"@type\":\"PropertyValueSpecification\",\"valueRequired\":true,\"valueName\":\"search_term_string\"}}],\"inLanguage\":\"nl-NL\"}]}<\/script>\n<!-- \/ Yoast SEO plugin. -->","yoast_head_json":{"title":"CC4Teams - Actis.nl","robots":{"index":"index","follow":"follow","max-snippet":"max-snippet:-1","max-image-preview":"max-image-preview:large","max-video-preview":"max-video-preview:-1"},"canonical":"https:\/\/actis.nl\/nl\/cc4all\/cc4teams\/","og_locale":"nl_NL","og_type":"article","og_title":"CC4Teams - Actis.nl","og_description":"Contact Center Teams Samenwerken en communiceren met CC4TeamsCC4Teams is gebouwd met het oog op samenwerking en communicatie. CC4Teams voegt functionaliteit toe die een Contact Center agent nodig heeft. Samen zorgt dit voor veel nieuwe en effici\u00ebnte manieren voor uw Contact Center-teams en -groepen om samen te werken en de prestaties te verbeteren, bijvoorbeeld door toegang te krijgen tot de volledige kennisbank van het team, of door de Teams-chat te gebruiken en te praten over onderwerpen tussen agenten. Alle gesprekken van de agenten met teamleden blijven op \u00e9\u00e9n plek beschikbaar voor snelle referentie. Het snel vinden van de juiste antwoorden maximaliseert de effici\u00ebntie van agenten. Met CC4Teams zijn spraakkanalen volledig ge\u00efntegreerd. Deze integratie maakt spraakfunctionaliteiten mogelijk, zoals inkomende gesprekken, gespreksopname en doorverbinden van warme en koude gesprekken.CC4All Alle Microsoft-oplossingen van ActisNeem contact met ons op voor meer informatie.","og_url":"https:\/\/actis.nl\/nl\/cc4all\/cc4teams\/","og_site_name":"Actis.nl","article_modified_time":"2023-02-20T14:46:19+00:00","twitter_card":"summary_large_image","schema":{"@context":"https:\/\/schema.org","@graph":[{"@type":"WebPage","@id":"https:\/\/actis.nl\/nl\/cc4all\/cc4teams\/","url":"https:\/\/actis.nl\/nl\/cc4all\/cc4teams\/","name":"CC4Teams - Actis.nl","isPartOf":{"@id":"https:\/\/actis.nl\/#website"},"datePublished":"2022-10-25T04:06:02+00:00","dateModified":"2023-02-20T14:46:19+00:00","breadcrumb":{"@id":"https:\/\/actis.nl\/nl\/cc4all\/cc4teams\/#breadcrumb"},"inLanguage":"nl-NL","potentialAction":[{"@type":"ReadAction","target":["https:\/\/actis.nl\/nl\/cc4all\/cc4teams\/"]}]},{"@type":"BreadcrumbList","@id":"https:\/\/actis.nl\/nl\/cc4all\/cc4teams\/#breadcrumb","itemListElement":[{"@type":"ListItem","position":1,"name":"Home","item":"https:\/\/actis.nl\/nl\/"},{"@type":"ListItem","position":2,"name":"CC4All","item":"https:\/\/actis.nl\/nl\/cc4all\/"},{"@type":"ListItem","position":3,"name":"CC4Teams"}]},{"@type":"WebSite","@id":"https:\/\/actis.nl\/#website","url":"https:\/\/actis.nl\/","name":"Actis.nl","description":"Value Added Distributor of AudioCodes","potentialAction":[{"@type":"SearchAction","target":{"@type":"EntryPoint","urlTemplate":"https:\/\/actis.nl\/?s={search_term_string}"},"query-input":{"@type":"PropertyValueSpecification","valueRequired":true,"valueName":"search_term_string"}}],"inLanguage":"nl-NL"}]}},"_links":{"self":[{"href":"https:\/\/actis.nl\/nl\/wp-json\/wp\/v2\/pages\/1115","targetHints":{"allow":["GET"]}}],"collection":[{"href":"https:\/\/actis.nl\/nl\/wp-json\/wp\/v2\/pages"}],"about":[{"href":"https:\/\/actis.nl\/nl\/wp-json\/wp\/v2\/types\/page"}],"author":[{"embeddable":true,"href":"https:\/\/actis.nl\/nl\/wp-json\/wp\/v2\/users\/2"}],"replies":[{"embeddable":true,"href":"https:\/\/actis.nl\/nl\/wp-json\/wp\/v2\/comments?post=1115"}],"version-history":[{"count":3,"href":"https:\/\/actis.nl\/nl\/wp-json\/wp\/v2\/pages\/1115\/revisions"}],"predecessor-version":[{"id":1146,"href":"https:\/\/actis.nl\/nl\/wp-json\/wp\/v2\/pages\/1115\/revisions\/1146"}],"up":[{"embeddable":true,"href":"https:\/\/actis.nl\/nl\/wp-json\/wp\/v2\/pages\/1117"}],"wp:attachment":[{"href":"https:\/\/actis.nl\/nl\/wp-json\/wp\/v2\/media?parent=1115"}],"curies":[{"name":"wp","href":"https:\/\/api.w.org\/{rel}","templated":true}]}}