{"id":974,"date":"2022-10-17T23:01:18","date_gmt":"2022-10-17T22:01:18","guid":{"rendered":"https:\/\/actis.nl\/cc4all\/"},"modified":"2023-06-23T10:08:52","modified_gmt":"2023-06-23T09:08:52","slug":"cc4all","status":"publish","type":"page","link":"https:\/\/actis.nl\/fr\/cc4all\/","title":{"rendered":"CC4All"},"content":{"rendered":"<p>[et_pb_section fb_built=\u00a0\u00bb1&Prime; custom_padding_last_edited=\u00a0\u00bbon|phone\u00a0\u00bb _builder_version=\u00a0\u00bb4.18.0&Prime; _module_preset=\u00a0\u00bbdefault\u00a0\u00bb custom_padding=\u00a0\u00bb40px||80px||false|false\u00a0\u00bb custom_padding_tablet=\u00a0\u00bb40px||40px||false|false\u00a0\u00bb custom_padding_phone=\u00a0\u00bb20px||20px||false|false\u00a0\u00bb global_colors_info=\u00a0\u00bb{}\u00a0\u00bb][et_pb_row _builder_version=\u00a0\u00bb4.18.0&Prime; _module_preset=\u00a0\u00bbdefault\u00a0\u00bb custom_padding=\u00a0\u00bb||10px||false|false\u00a0\u00bb global_colors_info=\u00a0\u00bb{}\u00a0\u00bb][et_pb_column type=\u00a0\u00bb4_4&Prime; _builder_version=\u00a0\u00bb4.18.0&Prime; _module_preset=\u00a0\u00bbdefault\u00a0\u00bb global_colors_info=\u00a0\u00bb{}\u00a0\u00bb][et_pb_text _builder_version=\u00a0\u00bb4.18.0&Prime; _module_preset=\u00a0\u00bbdefault\u00a0\u00bb header_font=\u00a0\u00bb|600|||||||\u00a0\u00bb header_line_height=\u00a0\u00bb1.2em\u00a0\u00bb header_2_font=\u00a0\u00bb|600|||||||\u00a0\u00bb header_2_font_size=\u00a0\u00bb30px\u00a0\u00bb header_2_line_height=\u00a0\u00bb1.2em\u00a0\u00bb header_3_font=\u00a0\u00bb|600||on|||||\u00a0\u00bb header_3_font_size=\u00a0\u00bb15px\u00a0\u00bb custom_padding=\u00a0\u00bb|50%|||false|false\u00a0\u00bb custom_padding_tablet=\u00a0\u00bb|30%|||false|false\u00a0\u00bb custom_padding_phone=\u00a0\u00bb|0%|||false|false\u00a0\u00bb custom_padding_last_edited=\u00a0\u00bbon|phone\u00a0\u00bb header_2_font_size_tablet=\u00a0\u00bb30px\u00a0\u00bb header_2_font_size_phone=\u00a0\u00bb30px\u00a0\u00bb header_2_font_size_last_edited=\u00a0\u00bbon|phone\u00a0\u00bb global_colors_info=\u00a0\u00bb{}\u00a0\u00bb]<\/p>\n<h3>Nos solutions CC4all<\/h3>\n<h1><span>Comment g\u00e9rer la relation client avec CC4ALL?<\/span><\/h1>\n<p>[\/et_pb_text][et_pb_divider divider_weight=\u00a0\u00bb4px\u00a0\u00bb _builder_version=\u00a0\u00bb4.18.0&Prime; _module_preset=\u00a0\u00bbdefault\u00a0\u00bb width=\u00a0\u00bb150px\u00a0\u00bb width_tablet=\u00a0\u00bb150px\u00a0\u00bb width_phone=\u00a0\u00bb125px\u00a0\u00bb width_last_edited=\u00a0\u00bbon|phone\u00a0\u00bb custom_margin=\u00a0\u00bb-20px||||false|false\u00a0\u00bb global_colors_info=\u00a0\u00bb{}\u00a0\u00bb][\/et_pb_divider][\/et_pb_column][\/et_pb_row][et_pb_row column_structure=\u00a0\u00bb1_2,1_2&Prime; _builder_version=\u00a0\u00bb4.19.5&Prime; _module_preset=\u00a0\u00bbdefault\u00a0\u00bb custom_padding=\u00a0\u00bb0px||||false|false\u00a0\u00bb global_colors_info=\u00a0\u00bb{}\u00a0\u00bb][et_pb_column type=\u00a0\u00bb1_2&Prime; _builder_version=\u00a0\u00bb4.18.0&Prime; _module_preset=\u00a0\u00bbdefault\u00a0\u00bb global_colors_info=\u00a0\u00bb{}\u00a0\u00bb][et_pb_text _builder_version=\u00a0\u00bb4.20.0&Prime; _module_preset=\u00a0\u00bbdefault\u00a0\u00bb header_2_font=\u00a0\u00bb|600|||||||\u00a0\u00bb header_2_font_size=\u00a0\u00bb30px\u00a0\u00bb header_3_font=\u00a0\u00bb|600||on|||||\u00a0\u00bb header_3_font_size=\u00a0\u00bb15px\u00a0\u00bb custom_margin=\u00a0\u00bb||||false|false\u00a0\u00bb global_colors_info=\u00a0\u00bb{}\u00a0\u00bb]<\/p>\n<p style=\"font-weight: 400;\">De nombreuses entreprises utilisent des solutions Microsoft et notamment Teams ou Dynamics. Mais g\u00e9rer la relation client de mani\u00e8re professionnelle est difficile.<\/p>\n<p style=\"font-weight: 400;\"><span>CC4ALL offre de riches fonctionnalit\u00e9s de distribution d\u2019appels (ACD) telles que le routage bas\u00e9 sur les comp\u00e9tences, les files d&rsquo;attente dynamiques, les rapports temps r\u00e9el, l&rsquo;\u00e9diteur graphique de flux d&rsquo;appels et bien d&rsquo;autres encore. La fonctionnalit\u00e9 d&rsquo;op\u00e9rateur et de patron\/secr\u00e9taire sont \u00e9galement disponibles. L&rsquo;int\u00e9gration transparente avec Teams et Dynamics et permet d&rsquo;acheminer efficacement les appels, par exemple, vers l\u2019employ\u00e9 disponible avec le plus de connaissances sur un produit ou un service sp\u00e9cifique<\/span><\/p>\n<p>[\/et_pb_text][\/et_pb_column][et_pb_column type=\u00a0\u00bb1_2&Prime; _builder_version=\u00a0\u00bb4.18.0&Prime; _module_preset=\u00a0\u00bbdefault\u00a0\u00bb global_colors_info=\u00a0\u00bb{}\u00a0\u00bb][et_pb_text _builder_version=\u00a0\u00bb4.20.0&Prime; _module_preset=\u00a0\u00bbdefault\u00a0\u00bb header_2_font=\u00a0\u00bb|600|||||||\u00a0\u00bb header_2_font_size=\u00a0\u00bb30px\u00a0\u00bb header_3_font=\u00a0\u00bb|600||on|||||\u00a0\u00bb header_3_font_size=\u00a0\u00bb15px\u00a0\u00bb custom_margin=\u00a0\u00bb||||false|false\u00a0\u00bb global_colors_info=\u00a0\u00bb{}\u00a0\u00bb]<\/p>\n<p><span>CC4ALL utilise son puissant moteur de routage pour tous les canaux disponibles ; les e-mails, le chat Web ou les r\u00e9seaux sociaux. Avec les solutions CC4ALL, non seulement vous \u00e9conomisez sur vos co\u00fbts informatiques, mais surtout votre relation clients deviendra optimale.<\/span><\/p>\n<p>[\/et_pb_text][et_pb_text _builder_version=\u00a0\u00bb4.20.0&Prime; _module_preset=\u00a0\u00bbdefault\u00a0\u00bb header_2_font=\u00a0\u00bb|600|||||||\u00a0\u00bb header_2_font_size=\u00a0\u00bb30px\u00a0\u00bb header_3_font=\u00a0\u00bb|600||on|||||\u00a0\u00bb header_3_font_size=\u00a0\u00bb15px\u00a0\u00bb custom_margin=\u00a0\u00bb-20px||||false|false\u00a0\u00bb global_colors_info=\u00a0\u00bb{}\u00a0\u00bb]<\/p>\n<p><span>T\u00e9l\u00e9chargez ci-dessous la pr\u00e9sentation pour plus d\u2019information<\/span><\/p>\n<p>[\/et_pb_text][et_pb_button button_url=\u00a0\u00bbhttps:\/\/actis.webpower.eu\/mailings\/SHARED\/CC4ALL\/CC4ALL_flyer.Eng_.pdf\u00a0\u00bb url_new_window=\u00a0\u00bbon\u00a0\u00bb button_text=\u00a0\u00bbDownload\u00a0\u00bb _builder_version=\u00a0\u00bb4.18.0&Prime; _module_preset=\u00a0\u00bbdefault\u00a0\u00bb global_colors_info=\u00a0\u00bb{}\u00a0\u00bb][\/et_pb_button][\/et_pb_column][\/et_pb_row][et_pb_row column_structure=\u00a0\u00bb1_3,1_3,1_3&Prime; _builder_version=\u00a0\u00bb4.19.5&Prime; _module_preset=\u00a0\u00bbdefault\u00a0\u00bb custom_padding=\u00a0\u00bb||||false|false\u00a0\u00bb global_colors_info=\u00a0\u00bb{}\u00a0\u00bb][et_pb_column type=\u00a0\u00bb1_3&Prime; _builder_version=\u00a0\u00bb4.19.5&Prime; _module_preset=\u00a0\u00bbdefault\u00a0\u00bb global_colors_info=\u00a0\u00bb{}\u00a0\u00bb][et_pb_image src=\u00a0\u00bbhttps:\/\/actis.nl\/wp-content\/uploads\/2023\/06\/Logo-ContactCenter4ALL.png\u00a0\u00bb alt=\u00a0\u00bbcc4all logo\u00a0\u00bb align_tablet=\u00a0\u00bbcenter\u00a0\u00bb align_phone=\u00a0\u00bbcenter\u00a0\u00bb align_last_edited=\u00a0\u00bbon|phone\u00a0\u00bb _builder_version=\u00a0\u00bb4.21.0&Prime; _module_preset=\u00a0\u00bbdefault\u00a0\u00bb custom_margin_tablet=\u00a0\u00bb\u00a0\u00bb custom_margin_phone=\u00a0\u00bb\u00a0\u00bb custom_margin_last_edited=\u00a0\u00bbon|tablet\u00a0\u00bb custom_padding=\u00a0\u00bb15%||40px||false|false\u00a0\u00bb custom_padding_tablet=\u00a0\u00bb0%||||false|false\u00a0\u00bb custom_padding_phone=\u00a0\u00bb0%||||false|false\u00a0\u00bb custom_padding_last_edited=\u00a0\u00bbon|desktop\u00a0\u00bb hover_enabled=\u00a0\u00bb0&Prime; global_colors_info=\u00a0\u00bb{}\u00a0\u00bb title_text=\u00a0\u00bbLogo-ContactCenter4ALL\u00a0\u00bb sticky_enabled=\u00a0\u00bb0&Prime;][\/et_pb_image][\/et_pb_column][et_pb_column type=\u00a0\u00bb1_3&Prime; _builder_version=\u00a0\u00bb4.18.0&Prime; _module_preset=\u00a0\u00bbdefault\u00a0\u00bb global_colors_info=\u00a0\u00bb{}\u00a0\u00bb][et_pb_image src=\u00a0\u00bbhttps:\/\/actis.nl\/wp-content\/uploads\/2022\/10\/actis-cc4teams.jpg\u00a0\u00bb alt=\u00a0\u00bbcc4teams\u00a0\u00bb url=\u00a0\u00bbhttps:\/\/actis.nl\/fr\/cc4all\/cc4teams\/\u00a0\u00bb use_overlay=\u00a0\u00bbon\u00a0\u00bb overlay_icon_color=\u00a0\u00bbRGBA(255,255,255,0)\u00a0\u00bb hover_overlay_color=\u00a0\u00bbrgba(0,0,0,0.12)\u00a0\u00bb show_bottom_space=\u00a0\u00bboff\u00a0\u00bb _builder_version=\u00a0\u00bb4.19.5&Prime; _module_preset=\u00a0\u00bbdefault\u00a0\u00bb border_radii=\u00a0\u00bbon|4px|4px|4px|4px\u00a0\u00bb global_colors_info=\u00a0\u00bb{}\u00a0\u00bb][\/et_pb_image][et_pb_text _builder_version=\u00a0\u00bb4.19.5&Prime; _module_preset=\u00a0\u00bbdefault\u00a0\u00bb header_2_font=\u00a0\u00bb|600||on|||||\u00a0\u00bb header_2_font_size=\u00a0\u00bb16px\u00a0\u00bb header_2_line_height=\u00a0\u00bb1.1em\u00a0\u00bb custom_padding=\u00a0\u00bb10px||||false|false\u00a0\u00bb link_option_url=\u00a0\u00bbhttps:\/\/actis.nl\/fr\/cc4all\/cc4teams\/\u00a0\u00bb global_colors_info=\u00a0\u00bb{}\u00a0\u00bb header_2_text_color__hover_enabled=\u00a0\u00bbon|hover\u00a0\u00bb header_2_text_color__hover=\u00a0\u00bb#00AB67&Prime;]<\/p>\n<h2>CC4Teams<\/h2>\n<p>[\/et_pb_text][\/et_pb_column][et_pb_column type=\u00a0\u00bb1_3&Prime; _builder_version=\u00a0\u00bb4.18.0&Prime; _module_preset=\u00a0\u00bbdefault\u00a0\u00bb global_colors_info=\u00a0\u00bb{}\u00a0\u00bb][et_pb_image src=\u00a0\u00bbhttps:\/\/actis.nl\/wp-content\/uploads\/2022\/10\/actis-cc4dynamics.jpg\u00a0\u00bb alt=\u00a0\u00bbcc4dynamics\u00a0\u00bb url=\u00a0\u00bbhttps:\/\/actis.nl\/fr\/cc4all\/microsoft-dynamics\/\u00a0\u00bb use_overlay=\u00a0\u00bbon\u00a0\u00bb overlay_icon_color=\u00a0\u00bbRGBA(255,255,255,0)\u00a0\u00bb hover_overlay_color=\u00a0\u00bbrgba(0,0,0,0.12)\u00a0\u00bb show_bottom_space=\u00a0\u00bboff\u00a0\u00bb _builder_version=\u00a0\u00bb4.19.5&Prime; _module_preset=\u00a0\u00bbdefault\u00a0\u00bb border_radii=\u00a0\u00bbon|4px|4px|4px|4px\u00a0\u00bb global_colors_info=\u00a0\u00bb{}\u00a0\u00bb][\/et_pb_image][et_pb_text _builder_version=\u00a0\u00bb4.19.5&Prime; _module_preset=\u00a0\u00bbdefault\u00a0\u00bb header_2_font=\u00a0\u00bb|600||on|||||\u00a0\u00bb header_2_font_size=\u00a0\u00bb16px\u00a0\u00bb header_2_line_height=\u00a0\u00bb1.1em\u00a0\u00bb custom_padding=\u00a0\u00bb10px||||false|false\u00a0\u00bb link_option_url=\u00a0\u00bbhttps:\/\/actis.nl\/fr\/cc4all\/microsoft-dynamics\/\u00a0\u00bb global_colors_info=\u00a0\u00bb{}\u00a0\u00bb header_2_text_color__hover_enabled=\u00a0\u00bbon|hover\u00a0\u00bb header_2_text_color__hover=\u00a0\u00bb#00AB67&Prime;]<\/p>\n<h2>CC4Dynamics<\/h2>\n<p>[\/et_pb_text][\/et_pb_column][\/et_pb_row][\/et_pb_section]<\/p>\n","protected":false},"excerpt":{"rendered":"<p>Nos solutions CC4all Comment g\u00e9rer la relation client avec CC4ALL?De nombreuses entreprises utilisent des solutions Microsoft et notamment Teams ou Dynamics. Mais g\u00e9rer la relation client de mani\u00e8re professionnelle est difficile. CC4ALL offre de riches fonctionnalit\u00e9s de distribution d\u2019appels (ACD) telles que le routage bas\u00e9 sur les comp\u00e9tences, les files d&rsquo;attente dynamiques, les rapports temps r\u00e9el, l&rsquo;\u00e9diteur graphique de flux d&rsquo;appels et bien d&rsquo;autres encore. La fonctionnalit\u00e9 d&rsquo;op\u00e9rateur et de patron\/secr\u00e9taire sont \u00e9galement disponibles. L&rsquo;int\u00e9gration transparente avec Teams et Dynamics et permet d&rsquo;acheminer efficacement les appels, par exemple, vers l\u2019employ\u00e9 disponible avec le plus de connaissances sur un produit ou un service sp\u00e9cifiqueCC4ALL utilise son puissant moteur de routage pour tous les canaux disponibles ; les e-mails, le chat Web ou les r\u00e9seaux sociaux. Avec les solutions CC4ALL, non seulement vous \u00e9conomisez sur vos co\u00fbts informatiques, mais surtout votre relation clients deviendra optimale.T\u00e9l\u00e9chargez ci-dessous la pr\u00e9sentation pour plus d\u2019informationCC4TeamsCC4Dynamics<\/p>\n","protected":false},"author":2,"featured_media":0,"parent":0,"menu_order":2,"comment_status":"closed","ping_status":"closed","template":"","meta":{"_et_pb_use_builder":"on","_et_pb_old_content":"","_et_gb_content_width":"","footnotes":""},"class_list":["post-974","page","type-page","status-publish","hentry"],"yoast_head":"<!-- This site is optimized with the Yoast SEO plugin v27.4 - https:\/\/yoast.com\/product\/yoast-seo-wordpress\/ -->\n<title>CC4All - Actis.nl<\/title>\n<meta name=\"robots\" content=\"index, follow, max-snippet:-1, max-image-preview:large, max-video-preview:-1\" \/>\n<link rel=\"canonical\" href=\"https:\/\/actis.nl\/fr\/cc4all\/\" \/>\n<meta property=\"og:locale\" content=\"fr_FR\" \/>\n<meta property=\"og:type\" content=\"article\" \/>\n<meta property=\"og:title\" content=\"CC4All - Actis.nl\" \/>\n<meta property=\"og:description\" content=\"Nos solutions CC4all Comment g\u00e9rer la relation client avec CC4ALL?De nombreuses entreprises utilisent des solutions Microsoft et notamment Teams ou Dynamics. Mais g\u00e9rer la relation client de mani\u00e8re professionnelle est difficile. CC4ALL offre de riches fonctionnalit\u00e9s de distribution d\u2019appels (ACD) telles que le routage bas\u00e9 sur les comp\u00e9tences, les files d&#039;attente dynamiques, les rapports temps r\u00e9el, l&#039;\u00e9diteur graphique de flux d&#039;appels et bien d&#039;autres encore. La fonctionnalit\u00e9 d&#039;op\u00e9rateur et de patron\/secr\u00e9taire sont \u00e9galement disponibles. L&#039;int\u00e9gration transparente avec Teams et Dynamics et permet d&#039;acheminer efficacement les appels, par exemple, vers l\u2019employ\u00e9 disponible avec le plus de connaissances sur un produit ou un service sp\u00e9cifiqueCC4ALL utilise son puissant moteur de routage pour tous les canaux disponibles ; les e-mails, le chat Web ou les r\u00e9seaux sociaux. Avec les solutions CC4ALL, non seulement vous \u00e9conomisez sur vos co\u00fbts informatiques, mais surtout votre relation clients deviendra optimale.T\u00e9l\u00e9chargez ci-dessous la pr\u00e9sentation pour plus d\u2019informationCC4TeamsCC4Dynamics\" \/>\n<meta property=\"og:url\" content=\"https:\/\/actis.nl\/fr\/cc4all\/\" \/>\n<meta property=\"og:site_name\" content=\"Actis.nl\" \/>\n<meta property=\"article:modified_time\" content=\"2023-06-23T09:08:52+00:00\" \/>\n<meta name=\"twitter:card\" content=\"summary_large_image\" \/>\n<meta name=\"twitter:label1\" content=\"Dur\u00e9e de lecture estim\u00e9e\" \/>\n\t<meta name=\"twitter:data1\" content=\"2 minutes\" \/>\n<script type=\"application\/ld+json\" class=\"yoast-schema-graph\">{\"@context\":\"https:\\\/\\\/schema.org\",\"@graph\":[{\"@type\":\"WebPage\",\"@id\":\"https:\\\/\\\/actis.nl\\\/fr\\\/cc4all\\\/\",\"url\":\"https:\\\/\\\/actis.nl\\\/fr\\\/cc4all\\\/\",\"name\":\"CC4All - Actis.nl\",\"isPartOf\":{\"@id\":\"https:\\\/\\\/actis.nl\\\/#website\"},\"datePublished\":\"2022-10-17T22:01:18+00:00\",\"dateModified\":\"2023-06-23T09:08:52+00:00\",\"breadcrumb\":{\"@id\":\"https:\\\/\\\/actis.nl\\\/fr\\\/cc4all\\\/#breadcrumb\"},\"inLanguage\":\"fr-FR\",\"potentialAction\":[{\"@type\":\"ReadAction\",\"target\":[\"https:\\\/\\\/actis.nl\\\/fr\\\/cc4all\\\/\"]}]},{\"@type\":\"BreadcrumbList\",\"@id\":\"https:\\\/\\\/actis.nl\\\/fr\\\/cc4all\\\/#breadcrumb\",\"itemListElement\":[{\"@type\":\"ListItem\",\"position\":1,\"name\":\"Home\",\"item\":\"https:\\\/\\\/actis.nl\\\/\"},{\"@type\":\"ListItem\",\"position\":2,\"name\":\"CC4All\"}]},{\"@type\":\"WebSite\",\"@id\":\"https:\\\/\\\/actis.nl\\\/#website\",\"url\":\"https:\\\/\\\/actis.nl\\\/\",\"name\":\"Actis.nl\",\"description\":\"Value Added Distributor of AudioCodes\",\"potentialAction\":[{\"@type\":\"SearchAction\",\"target\":{\"@type\":\"EntryPoint\",\"urlTemplate\":\"https:\\\/\\\/actis.nl\\\/?s={search_term_string}\"},\"query-input\":{\"@type\":\"PropertyValueSpecification\",\"valueRequired\":true,\"valueName\":\"search_term_string\"}}],\"inLanguage\":\"fr-FR\"}]}<\/script>\n<!-- \/ Yoast SEO plugin. -->","yoast_head_json":{"title":"CC4All - Actis.nl","robots":{"index":"index","follow":"follow","max-snippet":"max-snippet:-1","max-image-preview":"max-image-preview:large","max-video-preview":"max-video-preview:-1"},"canonical":"https:\/\/actis.nl\/fr\/cc4all\/","og_locale":"fr_FR","og_type":"article","og_title":"CC4All - Actis.nl","og_description":"Nos solutions CC4all Comment g\u00e9rer la relation client avec CC4ALL?De nombreuses entreprises utilisent des solutions Microsoft et notamment Teams ou Dynamics. Mais g\u00e9rer la relation client de mani\u00e8re professionnelle est difficile. CC4ALL offre de riches fonctionnalit\u00e9s de distribution d\u2019appels (ACD) telles que le routage bas\u00e9 sur les comp\u00e9tences, les files d'attente dynamiques, les rapports temps r\u00e9el, l'\u00e9diteur graphique de flux d'appels et bien d'autres encore. La fonctionnalit\u00e9 d'op\u00e9rateur et de patron\/secr\u00e9taire sont \u00e9galement disponibles. L'int\u00e9gration transparente avec Teams et Dynamics et permet d'acheminer efficacement les appels, par exemple, vers l\u2019employ\u00e9 disponible avec le plus de connaissances sur un produit ou un service sp\u00e9cifiqueCC4ALL utilise son puissant moteur de routage pour tous les canaux disponibles ; les e-mails, le chat Web ou les r\u00e9seaux sociaux. Avec les solutions CC4ALL, non seulement vous \u00e9conomisez sur vos co\u00fbts informatiques, mais surtout votre relation clients deviendra optimale.T\u00e9l\u00e9chargez ci-dessous la pr\u00e9sentation pour plus d\u2019informationCC4TeamsCC4Dynamics","og_url":"https:\/\/actis.nl\/fr\/cc4all\/","og_site_name":"Actis.nl","article_modified_time":"2023-06-23T09:08:52+00:00","twitter_card":"summary_large_image","twitter_misc":{"Dur\u00e9e de lecture estim\u00e9e":"2 minutes"},"schema":{"@context":"https:\/\/schema.org","@graph":[{"@type":"WebPage","@id":"https:\/\/actis.nl\/fr\/cc4all\/","url":"https:\/\/actis.nl\/fr\/cc4all\/","name":"CC4All - Actis.nl","isPartOf":{"@id":"https:\/\/actis.nl\/#website"},"datePublished":"2022-10-17T22:01:18+00:00","dateModified":"2023-06-23T09:08:52+00:00","breadcrumb":{"@id":"https:\/\/actis.nl\/fr\/cc4all\/#breadcrumb"},"inLanguage":"fr-FR","potentialAction":[{"@type":"ReadAction","target":["https:\/\/actis.nl\/fr\/cc4all\/"]}]},{"@type":"BreadcrumbList","@id":"https:\/\/actis.nl\/fr\/cc4all\/#breadcrumb","itemListElement":[{"@type":"ListItem","position":1,"name":"Home","item":"https:\/\/actis.nl\/"},{"@type":"ListItem","position":2,"name":"CC4All"}]},{"@type":"WebSite","@id":"https:\/\/actis.nl\/#website","url":"https:\/\/actis.nl\/","name":"Actis.nl","description":"Value Added Distributor of AudioCodes","potentialAction":[{"@type":"SearchAction","target":{"@type":"EntryPoint","urlTemplate":"https:\/\/actis.nl\/?s={search_term_string}"},"query-input":{"@type":"PropertyValueSpecification","valueRequired":true,"valueName":"search_term_string"}}],"inLanguage":"fr-FR"}]}},"_links":{"self":[{"href":"https:\/\/actis.nl\/fr\/wp-json\/wp\/v2\/pages\/974","targetHints":{"allow":["GET"]}}],"collection":[{"href":"https:\/\/actis.nl\/fr\/wp-json\/wp\/v2\/pages"}],"about":[{"href":"https:\/\/actis.nl\/fr\/wp-json\/wp\/v2\/types\/page"}],"author":[{"embeddable":true,"href":"https:\/\/actis.nl\/fr\/wp-json\/wp\/v2\/users\/2"}],"replies":[{"embeddable":true,"href":"https:\/\/actis.nl\/fr\/wp-json\/wp\/v2\/comments?post=974"}],"version-history":[{"count":5,"href":"https:\/\/actis.nl\/fr\/wp-json\/wp\/v2\/pages\/974\/revisions"}],"predecessor-version":[{"id":1949,"href":"https:\/\/actis.nl\/fr\/wp-json\/wp\/v2\/pages\/974\/revisions\/1949"}],"wp:attachment":[{"href":"https:\/\/actis.nl\/fr\/wp-json\/wp\/v2\/media?parent=974"}],"curies":[{"name":"wp","href":"https:\/\/api.w.org\/{rel}","templated":true}]}}