{"id":967,"date":"2022-10-17T23:02:28","date_gmt":"2022-10-17T23:02:28","guid":{"rendered":"https:\/\/actis.nl\/services\/"},"modified":"2023-03-10T01:31:23","modified_gmt":"2023-03-10T01:31:23","slug":"services","status":"publish","type":"page","link":"https:\/\/actis.nl\/fr\/services\/","title":{"rendered":"Services"},"content":{"rendered":"<p>[et_pb_section fb_built=\u00a0\u00bb1&Prime; _builder_version=\u00a0\u00bb4.19.4&Prime; _module_preset=\u00a0\u00bbdefault\u00a0\u00bb background_enable_color=\u00a0\u00bboff\u00a0\u00bb use_background_color_gradient=\u00a0\u00bbon\u00a0\u00bb background_color_gradient_stops=\u00a0\u00bbrgba(0,0,0,0.18) 0%|rgba(0,0,0,0.18) 100%\u00a0\u00bb background_color_gradient_overlays_image=\u00a0\u00bbon\u00a0\u00bb background_image=\u00a0\u00bbhttps:\/\/actis.nl\/wp-content\/uploads\/2023\/01\/team-working-network.jpg\u00a0\u00bb custom_padding=\u00a0\u00bb125px||125px||true|false\u00a0\u00bb global_colors_info=\u00a0\u00bb{}\u00a0\u00bb][et_pb_row _builder_version=\u00a0\u00bb4.18.0&Prime; _module_preset=\u00a0\u00bbdefault\u00a0\u00bb global_colors_info=\u00a0\u00bb{}\u00a0\u00bb][et_pb_column type=\u00a0\u00bb4_4&Prime; _builder_version=\u00a0\u00bb4.18.0&Prime; _module_preset=\u00a0\u00bbdefault\u00a0\u00bb global_colors_info=\u00a0\u00bb{}\u00a0\u00bb][et_pb_text _builder_version=\u00a0\u00bb4.20.0&Prime; _module_preset=\u00a0\u00bbdefault\u00a0\u00bb text_font=\u00a0\u00bb||||||||\u00a0\u00bb header_font=\u00a0\u00bb|600|||||||\u00a0\u00bb header_text_align=\u00a0\u00bbcenter\u00a0\u00bb header_font_size=\u00a0\u00bb46px\u00a0\u00bb background_layout=\u00a0\u00bbdark\u00a0\u00bb global_colors_info=\u00a0\u00bb{}\u00a0\u00bb]<\/p>\n<h1><span class=\"SpellE\"><span>Au-dela<\/span><\/span><span>\u00a0de la distribution&#8230;<\/span><\/h1>\n<p>[\/et_pb_text][\/et_pb_column][\/et_pb_row][\/et_pb_section][et_pb_section fb_built=\u00a0\u00bb1&Prime; custom_padding_last_edited=\u00a0\u00bbon|phone\u00a0\u00bb _builder_version=\u00a0\u00bb4.19.4&Prime; _module_preset=\u00a0\u00bbdefault\u00a0\u00bb custom_padding=\u00a0\u00bb40px||60px||false|false\u00a0\u00bb custom_padding_tablet=\u00a0\u00bb40px||40px||false|false\u00a0\u00bb custom_padding_phone=\u00a0\u00bb20px||20px||false|false\u00a0\u00bb global_colors_info=\u00a0\u00bb{}\u00a0\u00bb][et_pb_row _builder_version=\u00a0\u00bb4.18.0&Prime; _module_preset=\u00a0\u00bbdefault\u00a0\u00bb custom_padding=\u00a0\u00bb||10px||false|false\u00a0\u00bb global_colors_info=\u00a0\u00bb{}\u00a0\u00bb][et_pb_column type=\u00a0\u00bb4_4&Prime; _builder_version=\u00a0\u00bb4.18.0&Prime; _module_preset=\u00a0\u00bbdefault\u00a0\u00bb global_colors_info=\u00a0\u00bb{}\u00a0\u00bb][et_pb_text _builder_version=\u00a0\u00bb4.19.5&Prime; _module_preset=\u00a0\u00bbdefault\u00a0\u00bb header_font=\u00a0\u00bb|600|||||||\u00a0\u00bb header_line_height=\u00a0\u00bb1.1em\u00a0\u00bb header_2_font=\u00a0\u00bb|600|||||||\u00a0\u00bb header_2_font_size=\u00a0\u00bb30px\u00a0\u00bb header_3_font=\u00a0\u00bb|600||on|||||\u00a0\u00bb header_3_font_size=\u00a0\u00bb15px\u00a0\u00bb custom_padding=\u00a0\u00bb|60%|||false|false\u00a0\u00bb custom_padding_tablet=\u00a0\u00bb|30%|||false|false\u00a0\u00bb custom_padding_phone=\u00a0\u00bb|0%|||false|false\u00a0\u00bb custom_padding_last_edited=\u00a0\u00bbon|phone\u00a0\u00bb header_font_size_tablet=\u00a0\u00bb\u00a0\u00bb header_font_size_phone=\u00a0\u00bb26px\u00a0\u00bb header_font_size_last_edited=\u00a0\u00bbon|phone\u00a0\u00bb global_colors_info=\u00a0\u00bb{}\u00a0\u00bb]<\/p>\n<h1>Services<\/h1>\n<p>[\/et_pb_text][et_pb_divider divider_weight=\u00a0\u00bb4px\u00a0\u00bb _builder_version=\u00a0\u00bb4.18.0&Prime; _module_preset=\u00a0\u00bbdefault\u00a0\u00bb width=\u00a0\u00bb150px\u00a0\u00bb width_tablet=\u00a0\u00bb150px\u00a0\u00bb width_phone=\u00a0\u00bb125px\u00a0\u00bb width_last_edited=\u00a0\u00bbon|phone\u00a0\u00bb custom_margin=\u00a0\u00bb-20px||||false|false\u00a0\u00bb global_colors_info=\u00a0\u00bb{}\u00a0\u00bb][\/et_pb_divider][\/et_pb_column][\/et_pb_row][et_pb_row column_structure=\u00a0\u00bb2_3,1_3&Prime; _builder_version=\u00a0\u00bb4.18.0&Prime; _module_preset=\u00a0\u00bbdefault\u00a0\u00bb custom_padding=\u00a0\u00bb0px||||false|false\u00a0\u00bb global_colors_info=\u00a0\u00bb{}\u00a0\u00bb][et_pb_column type=\u00a0\u00bb2_3&Prime; _builder_version=\u00a0\u00bb4.18.0&Prime; _module_preset=\u00a0\u00bbdefault\u00a0\u00bb global_colors_info=\u00a0\u00bb{}\u00a0\u00bb][et_pb_text _builder_version=\u00a0\u00bb4.20.0&Prime; _module_preset=\u00a0\u00bbdefault\u00a0\u00bb header_2_font=\u00a0\u00bb|600|||||||\u00a0\u00bb header_2_font_size=\u00a0\u00bb30px\u00a0\u00bb header_3_font=\u00a0\u00bb|600||on|||||\u00a0\u00bb header_3_font_size=\u00a0\u00bb15px\u00a0\u00bb custom_margin=\u00a0\u00bb||||false|false\u00a0\u00bb global_colors_info=\u00a0\u00bb{}\u00a0\u00bb]<\/p>\n<p><span>Pour faciliter les migrations TDM vers SIP, les migrations vers le cloud, Actis distribue les produits, application et services AudioCodes et CC4ALL en support des entreprises, des int\u00e9grateurs et fournisseurs de services dans leur design d\u2019architecture r\u00e9seau, leur plan de migration, l\u2019installation, la configuration, le support de leur future infrastructure r\u00e9seau tout IP. En plus d\u2019int\u00e9grer AudioCodes pour des solutions Microsoft teams, Actis fournit des services \u00e0 valeur ajout\u00e9e pour mettre en place des application logicielles comme\u00a0<span class=\"SpellE\">Voca<\/span>\u00a0ou CC4Teams.<o:p><\/o:p><\/span><\/p>\n<p><span>Actis est Distributeur \u00e0 Valeur ajout\u00e9e d\u2019AudioCodes au Benelux et en France. Valeur Ajout\u00e9e en particulier pour sa logistique d\u2019exp\u00e9dition depuis son entrep\u00f4t de\u00a0<span class=\"SpellE\">Schipol-Rijk<\/span>\u00a0le lendemain de la demande (jour ouvrable).<o:p><\/o:p><\/span><\/p>\n<p><span>Actis aide \u00e9galement les canaux de vente indirectes, les revendeurs, les int\u00e9grateurs syst\u00e8me et t\u00e9l\u00e9com, avec de l\u2019avant-vente, de l\u2019engineering, du consulting, de l\u2019installation et de la configuration et des engagements de SLA pour les utilisateurs. Les partenaires d\u2019Actis comprennent les plus grandes soci\u00e9t\u00e9s de service, op\u00e9rateurs et int\u00e9grateurs du Benelux et de la France.<o:p><\/o:p><\/span><\/p>\n<p><span>Actis est le partenaire d\u2019AudioCodes pour des formations certifi\u00e9es au Benelux, o\u00f9 les ing\u00e9nieurs peuvent \u00eatre form\u00e9s sur les produits AudioCodes et peuvent recevoir la certification AudioCodes.<\/span><\/p>\n<p>[\/et_pb_text][\/et_pb_column][et_pb_column type=\u00a0\u00bb1_3&Prime; _builder_version=\u00a0\u00bb4.18.0&Prime; _module_preset=\u00a0\u00bbdefault\u00a0\u00bb global_colors_info=\u00a0\u00bb{}\u00a0\u00bb][et_pb_text _builder_version=\u00a0\u00bb4.20.0&Prime; _module_preset=\u00a0\u00bbdefault\u00a0\u00bb header_2_font=\u00a0\u00bb|600|||||||\u00a0\u00bb header_2_font_size=\u00a0\u00bb30px\u00a0\u00bb header_2_line_height=\u00a0\u00bb1.1em\u00a0\u00bb header_3_font=\u00a0\u00bb|600||on|||||\u00a0\u00bb header_3_font_size=\u00a0\u00bb15px\u00a0\u00bb global_colors_info=\u00a0\u00bb{}\u00a0\u00bb]<\/p>\n<h3><span>Actis<o:p><\/o:p><\/span><\/h3>\n<h2><span>Voulez-vous plus d\u2019information ?<\/span><\/h2>\n<p>[\/et_pb_text][et_pb_divider divider_weight=\u00a0\u00bb4px\u00a0\u00bb _builder_version=\u00a0\u00bb4.19.4&Prime; _module_preset=\u00a0\u00bbdefault\u00a0\u00bb width=\u00a0\u00bb150px\u00a0\u00bb width_tablet=\u00a0\u00bb150px\u00a0\u00bb width_phone=\u00a0\u00bb125px\u00a0\u00bb width_last_edited=\u00a0\u00bbon|phone\u00a0\u00bb custom_margin=\u00a0\u00bb-20px||||false|false\u00a0\u00bb global_colors_info=\u00a0\u00bb{}\u00a0\u00bb][\/et_pb_divider][et_pb_text module_class=\u00a0\u00bbhyperlink-color\u00a0\u00bb _builder_version=\u00a0\u00bb4.20.2&Prime; _module_preset=\u00a0\u00bbdefault\u00a0\u00bb ul_font_size=\u00a0\u00bb16px\u00a0\u00bb ul_line_height=\u00a0\u00bb2em\u00a0\u00bb header_2_font=\u00a0\u00bb|600|||||||\u00a0\u00bb header_2_font_size=\u00a0\u00bb30px\u00a0\u00bb header_3_font=\u00a0\u00bb|600||on|||||\u00a0\u00bb header_3_font_size=\u00a0\u00bb15px\u00a0\u00bb custom_margin=\u00a0\u00bb||||false|false\u00a0\u00bb hover_enabled=\u00a0\u00bb0&Prime; global_colors_info=\u00a0\u00bb{}\u00a0\u00bb sticky_enabled=\u00a0\u00bb0&Prime;]<\/p>\n<ul>\n<li><a href=\"https:\/\/actis.nl\/fr\/audiocodes\/\">AudioCodes<\/a><\/li>\n<li><a href=\"https:\/\/actis.nl\/fr\/cc4all\/\">CC4All<\/a><\/li>\n<li><a href=\"https:\/\/actis.nl\/fr\/contact\/demander-un-devis\/\">Demander un devis<\/a><\/li>\n<li><a href=\"https:\/\/actis.nl\/fr\/?page_id=1016\">Calendrier de formation<\/a><\/li>\n<li><a href=\"https:\/\/portal.actis.nl\/ActisClient\/Login.aspx?returnto=%2fActisClient%2fGroups.aspx\" target=\"_blank\" rel=\"noopener\">Partner Login<\/a><\/li>\n<\/ul>\n<p>[\/et_pb_text][\/et_pb_column][\/et_pb_row][\/et_pb_section]<\/p>\n","protected":false},"excerpt":{"rendered":"<p>Au-dela\u00a0de la distribution&#8230;ServicesPour faciliter les migrations TDM vers SIP, les migrations vers le cloud, Actis distribue les produits, application et services AudioCodes et CC4ALL en support des entreprises, des int\u00e9grateurs et fournisseurs de services dans leur design d\u2019architecture r\u00e9seau, leur plan de migration, l\u2019installation, la configuration, le support de leur future infrastructure r\u00e9seau tout IP. En plus d\u2019int\u00e9grer AudioCodes pour des solutions Microsoft teams, Actis fournit des services \u00e0 valeur ajout\u00e9e pour mettre en place des application logicielles comme\u00a0Voca\u00a0ou CC4Teams. Actis est Distributeur \u00e0 Valeur ajout\u00e9e d\u2019AudioCodes au Benelux et en France. Valeur Ajout\u00e9e en particulier pour sa logistique d\u2019exp\u00e9dition depuis son entrep\u00f4t de\u00a0Schipol-Rijk\u00a0le lendemain de la demande (jour ouvrable). Actis aide \u00e9galement les canaux de vente indirectes, les revendeurs, les int\u00e9grateurs syst\u00e8me et t\u00e9l\u00e9com, avec de l\u2019avant-vente, de l\u2019engineering, du consulting, de l\u2019installation et de la configuration et des engagements de SLA pour les utilisateurs. Les partenaires d\u2019Actis comprennent les plus grandes soci\u00e9t\u00e9s de service, op\u00e9rateurs et int\u00e9grateurs du Benelux et de la France. Actis est le partenaire d\u2019AudioCodes pour des formations certifi\u00e9es au Benelux, o\u00f9 les ing\u00e9nieurs peuvent \u00eatre form\u00e9s sur les produits AudioCodes et peuvent recevoir la certification AudioCodes.Actis Voulez-vous plus d\u2019information ? AudioCodes CC4All Demander un [&hellip;]<\/p>\n","protected":false},"author":2,"featured_media":0,"parent":0,"menu_order":3,"comment_status":"closed","ping_status":"closed","template":"","meta":{"_et_pb_use_builder":"on","_et_pb_old_content":"","_et_gb_content_width":"","footnotes":""},"class_list":["post-967","page","type-page","status-publish","hentry"],"yoast_head":"<!-- This site is optimized with the Yoast SEO plugin v27.3 - https:\/\/yoast.com\/product\/yoast-seo-wordpress\/ -->\n<title>Services - Actis.nl<\/title>\n<meta name=\"robots\" content=\"index, follow, max-snippet:-1, max-image-preview:large, max-video-preview:-1\" \/>\n<link rel=\"canonical\" href=\"https:\/\/actis.nl\/fr\/services\/\" \/>\n<meta property=\"og:locale\" content=\"fr_FR\" \/>\n<meta property=\"og:type\" content=\"article\" \/>\n<meta property=\"og:title\" content=\"Services - Actis.nl\" \/>\n<meta property=\"og:description\" content=\"Au-dela\u00a0de la distribution...ServicesPour faciliter les migrations TDM vers SIP, les migrations vers le cloud, Actis distribue les produits, application et services AudioCodes et CC4ALL en support des entreprises, des int\u00e9grateurs et fournisseurs de services dans leur design d\u2019architecture r\u00e9seau, leur plan de migration, l\u2019installation, la configuration, le support de leur future infrastructure r\u00e9seau tout IP. En plus d\u2019int\u00e9grer AudioCodes pour des solutions Microsoft teams, Actis fournit des services \u00e0 valeur ajout\u00e9e pour mettre en place des application logicielles comme\u00a0Voca\u00a0ou CC4Teams. Actis est Distributeur \u00e0 Valeur ajout\u00e9e d\u2019AudioCodes au Benelux et en France. Valeur Ajout\u00e9e en particulier pour sa logistique d\u2019exp\u00e9dition depuis son entrep\u00f4t de\u00a0Schipol-Rijk\u00a0le lendemain de la demande (jour ouvrable). Actis aide \u00e9galement les canaux de vente indirectes, les revendeurs, les int\u00e9grateurs syst\u00e8me et t\u00e9l\u00e9com, avec de l\u2019avant-vente, de l\u2019engineering, du consulting, de l\u2019installation et de la configuration et des engagements de SLA pour les utilisateurs. Les partenaires d\u2019Actis comprennent les plus grandes soci\u00e9t\u00e9s de service, op\u00e9rateurs et int\u00e9grateurs du Benelux et de la France. Actis est le partenaire d\u2019AudioCodes pour des formations certifi\u00e9es au Benelux, o\u00f9 les ing\u00e9nieurs peuvent \u00eatre form\u00e9s sur les produits AudioCodes et peuvent recevoir la certification AudioCodes.Actis Voulez-vous plus d\u2019information ? AudioCodes CC4All Demander un [&hellip;]\" \/>\n<meta property=\"og:url\" content=\"https:\/\/actis.nl\/fr\/services\/\" \/>\n<meta property=\"og:site_name\" content=\"Actis.nl\" \/>\n<meta property=\"article:modified_time\" content=\"2023-03-10T01:31:23+00:00\" \/>\n<meta name=\"twitter:card\" content=\"summary_large_image\" \/>\n<meta name=\"twitter:label1\" content=\"Dur\u00e9e de lecture estim\u00e9e\" \/>\n\t<meta name=\"twitter:data1\" content=\"2 minutes\" \/>\n<script type=\"application\/ld+json\" class=\"yoast-schema-graph\">{\"@context\":\"https:\\\/\\\/schema.org\",\"@graph\":[{\"@type\":\"WebPage\",\"@id\":\"https:\\\/\\\/actis.nl\\\/fr\\\/services\\\/\",\"url\":\"https:\\\/\\\/actis.nl\\\/fr\\\/services\\\/\",\"name\":\"Services - Actis.nl\",\"isPartOf\":{\"@id\":\"https:\\\/\\\/actis.nl\\\/#website\"},\"datePublished\":\"2022-10-17T23:02:28+00:00\",\"dateModified\":\"2023-03-10T01:31:23+00:00\",\"breadcrumb\":{\"@id\":\"https:\\\/\\\/actis.nl\\\/fr\\\/services\\\/#breadcrumb\"},\"inLanguage\":\"fr-FR\",\"potentialAction\":[{\"@type\":\"ReadAction\",\"target\":[\"https:\\\/\\\/actis.nl\\\/fr\\\/services\\\/\"]}]},{\"@type\":\"BreadcrumbList\",\"@id\":\"https:\\\/\\\/actis.nl\\\/fr\\\/services\\\/#breadcrumb\",\"itemListElement\":[{\"@type\":\"ListItem\",\"position\":1,\"name\":\"Home\",\"item\":\"https:\\\/\\\/actis.nl\\\/\"},{\"@type\":\"ListItem\",\"position\":2,\"name\":\"Services\"}]},{\"@type\":\"WebSite\",\"@id\":\"https:\\\/\\\/actis.nl\\\/#website\",\"url\":\"https:\\\/\\\/actis.nl\\\/\",\"name\":\"Actis.nl\",\"description\":\"Value Added Distributor of AudioCodes\",\"potentialAction\":[{\"@type\":\"SearchAction\",\"target\":{\"@type\":\"EntryPoint\",\"urlTemplate\":\"https:\\\/\\\/actis.nl\\\/?s={search_term_string}\"},\"query-input\":{\"@type\":\"PropertyValueSpecification\",\"valueRequired\":true,\"valueName\":\"search_term_string\"}}],\"inLanguage\":\"fr-FR\"}]}<\/script>\n<!-- \/ Yoast SEO plugin. -->","yoast_head_json":{"title":"Services - Actis.nl","robots":{"index":"index","follow":"follow","max-snippet":"max-snippet:-1","max-image-preview":"max-image-preview:large","max-video-preview":"max-video-preview:-1"},"canonical":"https:\/\/actis.nl\/fr\/services\/","og_locale":"fr_FR","og_type":"article","og_title":"Services - Actis.nl","og_description":"Au-dela\u00a0de la distribution...ServicesPour faciliter les migrations TDM vers SIP, les migrations vers le cloud, Actis distribue les produits, application et services AudioCodes et CC4ALL en support des entreprises, des int\u00e9grateurs et fournisseurs de services dans leur design d\u2019architecture r\u00e9seau, leur plan de migration, l\u2019installation, la configuration, le support de leur future infrastructure r\u00e9seau tout IP. En plus d\u2019int\u00e9grer AudioCodes pour des solutions Microsoft teams, Actis fournit des services \u00e0 valeur ajout\u00e9e pour mettre en place des application logicielles comme\u00a0Voca\u00a0ou CC4Teams. Actis est Distributeur \u00e0 Valeur ajout\u00e9e d\u2019AudioCodes au Benelux et en France. Valeur Ajout\u00e9e en particulier pour sa logistique d\u2019exp\u00e9dition depuis son entrep\u00f4t de\u00a0Schipol-Rijk\u00a0le lendemain de la demande (jour ouvrable). Actis aide \u00e9galement les canaux de vente indirectes, les revendeurs, les int\u00e9grateurs syst\u00e8me et t\u00e9l\u00e9com, avec de l\u2019avant-vente, de l\u2019engineering, du consulting, de l\u2019installation et de la configuration et des engagements de SLA pour les utilisateurs. Les partenaires d\u2019Actis comprennent les plus grandes soci\u00e9t\u00e9s de service, op\u00e9rateurs et int\u00e9grateurs du Benelux et de la France. Actis est le partenaire d\u2019AudioCodes pour des formations certifi\u00e9es au Benelux, o\u00f9 les ing\u00e9nieurs peuvent \u00eatre form\u00e9s sur les produits AudioCodes et peuvent recevoir la certification AudioCodes.Actis Voulez-vous plus d\u2019information ? AudioCodes CC4All Demander un [&hellip;]","og_url":"https:\/\/actis.nl\/fr\/services\/","og_site_name":"Actis.nl","article_modified_time":"2023-03-10T01:31:23+00:00","twitter_card":"summary_large_image","twitter_misc":{"Dur\u00e9e de lecture estim\u00e9e":"2 minutes"},"schema":{"@context":"https:\/\/schema.org","@graph":[{"@type":"WebPage","@id":"https:\/\/actis.nl\/fr\/services\/","url":"https:\/\/actis.nl\/fr\/services\/","name":"Services - Actis.nl","isPartOf":{"@id":"https:\/\/actis.nl\/#website"},"datePublished":"2022-10-17T23:02:28+00:00","dateModified":"2023-03-10T01:31:23+00:00","breadcrumb":{"@id":"https:\/\/actis.nl\/fr\/services\/#breadcrumb"},"inLanguage":"fr-FR","potentialAction":[{"@type":"ReadAction","target":["https:\/\/actis.nl\/fr\/services\/"]}]},{"@type":"BreadcrumbList","@id":"https:\/\/actis.nl\/fr\/services\/#breadcrumb","itemListElement":[{"@type":"ListItem","position":1,"name":"Home","item":"https:\/\/actis.nl\/"},{"@type":"ListItem","position":2,"name":"Services"}]},{"@type":"WebSite","@id":"https:\/\/actis.nl\/#website","url":"https:\/\/actis.nl\/","name":"Actis.nl","description":"Value Added Distributor of AudioCodes","potentialAction":[{"@type":"SearchAction","target":{"@type":"EntryPoint","urlTemplate":"https:\/\/actis.nl\/?s={search_term_string}"},"query-input":{"@type":"PropertyValueSpecification","valueRequired":true,"valueName":"search_term_string"}}],"inLanguage":"fr-FR"}]}},"_links":{"self":[{"href":"https:\/\/actis.nl\/fr\/wp-json\/wp\/v2\/pages\/967","targetHints":{"allow":["GET"]}}],"collection":[{"href":"https:\/\/actis.nl\/fr\/wp-json\/wp\/v2\/pages"}],"about":[{"href":"https:\/\/actis.nl\/fr\/wp-json\/wp\/v2\/types\/page"}],"author":[{"embeddable":true,"href":"https:\/\/actis.nl\/fr\/wp-json\/wp\/v2\/users\/2"}],"replies":[{"embeddable":true,"href":"https:\/\/actis.nl\/fr\/wp-json\/wp\/v2\/comments?post=967"}],"version-history":[{"count":5,"href":"https:\/\/actis.nl\/fr\/wp-json\/wp\/v2\/pages\/967\/revisions"}],"predecessor-version":[{"id":1459,"href":"https:\/\/actis.nl\/fr\/wp-json\/wp\/v2\/pages\/967\/revisions\/1459"}],"wp:attachment":[{"href":"https:\/\/actis.nl\/fr\/wp-json\/wp\/v2\/media?parent=967"}],"curies":[{"name":"wp","href":"https:\/\/api.w.org\/{rel}","templated":true}]}}