{"id":3174,"date":"2025-07-03T05:34:37","date_gmt":"2025-07-03T04:34:37","guid":{"rendered":"https:\/\/actis.nl\/pexip\/"},"modified":"2025-10-13T08:36:10","modified_gmt":"2025-10-13T07:36:10","slug":"pexip","status":"publish","type":"page","link":"https:\/\/actis.nl\/fr\/pexip\/","title":{"rendered":"Pexip"},"content":{"rendered":"<p>[et_pb_section fb_built=\u00a0\u00bb1&Prime; custom_padding_last_edited=\u00a0\u00bbon|phone\u00a0\u00bb _builder_version=\u00a0\u00bb4.18.0&Prime; _module_preset=\u00a0\u00bbdefault\u00a0\u00bb custom_padding=\u00a0\u00bb40px||80px||false|false\u00a0\u00bb custom_padding_tablet=\u00a0\u00bb40px||40px||false|false\u00a0\u00bb custom_padding_phone=\u00a0\u00bb20px||20px||false|false\u00a0\u00bb global_colors_info=\u00a0\u00bb{}\u00a0\u00bb][et_pb_row _builder_version=\u00a0\u00bb4.18.0&Prime; _module_preset=\u00a0\u00bbdefault\u00a0\u00bb custom_padding=\u00a0\u00bb||10px||false|false\u00a0\u00bb global_colors_info=\u00a0\u00bb{}\u00a0\u00bb][et_pb_column type=\u00a0\u00bb4_4&Prime; _builder_version=\u00a0\u00bb4.18.0&Prime; _module_preset=\u00a0\u00bbdefault\u00a0\u00bb global_colors_info=\u00a0\u00bb{}\u00a0\u00bb][et_pb_text _builder_version=\u00a0\u00bb4.27.4&Prime; _module_preset=\u00a0\u00bbdefault\u00a0\u00bb header_font=\u00a0\u00bb|600||on|||||\u00a0\u00bb header_font_size=\u00a0\u00bb15px\u00a0\u00bb header_2_font=\u00a0\u00bb|600|||||||\u00a0\u00bb header_2_font_size=\u00a0\u00bb30px\u00a0\u00bb header_2_line_height=\u00a0\u00bb1.2em\u00a0\u00bb header_3_font=\u00a0\u00bb|600||on|||||\u00a0\u00bb header_3_font_size=\u00a0\u00bb15px\u00a0\u00bb custom_padding=\u00a0\u00bb|50%|||false|false\u00a0\u00bb custom_padding_tablet=\u00a0\u00bb|30%|||false|false\u00a0\u00bb custom_padding_phone=\u00a0\u00bb|0%|||false|false\u00a0\u00bb custom_padding_last_edited=\u00a0\u00bbon|phone\u00a0\u00bb header_2_font_size_tablet=\u00a0\u00bb30px\u00a0\u00bb header_2_font_size_phone=\u00a0\u00bb30px\u00a0\u00bb header_2_font_size_last_edited=\u00a0\u00bbon|phone\u00a0\u00bb global_colors_info=\u00a0\u00bb{}\u00a0\u00bb]<\/p>\n<h1>Pexip<\/h1>\n<h2>S\u00e9curis\u00e9. Personnel. Flexible.<\/h2>\n<p>[\/et_pb_text][et_pb_divider divider_weight=\u00a0\u00bb4px\u00a0\u00bb _builder_version=\u00a0\u00bb4.27.3&Prime; _module_preset=\u00a0\u00bbdefault\u00a0\u00bb width=\u00a0\u00bb150px\u00a0\u00bb width_tablet=\u00a0\u00bb150px\u00a0\u00bb width_phone=\u00a0\u00bb125px\u00a0\u00bb width_last_edited=\u00a0\u00bbon|phone\u00a0\u00bb custom_margin=\u00a0\u00bb-20px||||false|false\u00a0\u00bb global_colors_info=\u00a0\u00bb{}\u00a0\u00bb][\/et_pb_divider][\/et_pb_column][\/et_pb_row][et_pb_row column_structure=\u00a0\u00bb1_2,1_2&Prime; _builder_version=\u00a0\u00bb4.19.5&Prime; _module_preset=\u00a0\u00bbdefault\u00a0\u00bb custom_padding=\u00a0\u00bb0px||||false|false\u00a0\u00bb global_colors_info=\u00a0\u00bb{}\u00a0\u00bb][et_pb_column type=\u00a0\u00bb1_2&Prime; _builder_version=\u00a0\u00bb4.18.0&Prime; _module_preset=\u00a0\u00bbdefault\u00a0\u00bb global_colors_info=\u00a0\u00bb{}\u00a0\u00bb][et_pb_text _builder_version=\u00a0\u00bb4.27.4&Prime; _module_preset=\u00a0\u00bbdefault\u00a0\u00bb header_2_font=\u00a0\u00bb|600||on|||||\u00a0\u00bb header_2_font_size=\u00a0\u00bb15px\u00a0\u00bb header_3_font=\u00a0\u00bb|600||on|||||\u00a0\u00bb header_3_font_size=\u00a0\u00bb15px\u00a0\u00bb custom_margin=\u00a0\u00bb||||false|false\u00a0\u00bb global_colors_info=\u00a0\u00bb{}\u00a0\u00bb]<\/p>\n<h2>Pourquoi Pexip via Actis ?<\/h2>\n<p>En tant que distributeur, nous accompagnons nos partenaires avec des conseils d\u2019experts, un accompagnement \u00e0 la mise en \u0153uvre et un support sur mesure. Qu\u2019il s\u2019agisse d\u2019int\u00e9grations avec Microsoft Teams, Zoom, Google Meet ou une infrastructure SIP, Pexip est reconnu pour son interop\u00e9rabilit\u00e9 et sa forte attention \u00e0 la protection des donn\u00e9es.[\/et_pb_text][\/et_pb_column][et_pb_column type=\u00a0\u00bb1_2&Prime; _builder_version=\u00a0\u00bb4.18.0&Prime; _module_preset=\u00a0\u00bbdefault\u00a0\u00bb global_colors_info=\u00a0\u00bb{}\u00a0\u00bb][et_pb_image src=\u00a0\u00bbhttps:\/\/actis.nl\/wp-content\/uploads\/2025\/07\/logo-pexip.jpg\u00a0\u00bb alt=\u00a0\u00bblogo pexip\u00a0\u00bb _builder_version=\u00a0\u00bb4.27.4&Prime; _module_preset=\u00a0\u00bbdefault\u00a0\u00bb global_colors_info=\u00a0\u00bb{}\u00a0\u00bb][\/et_pb_image][\/et_pb_column][\/et_pb_row][et_pb_row column_structure=\u00a0\u00bb1_2,1_2&Prime; _builder_version=\u00a0\u00bb4.27.4&Prime; _module_preset=\u00a0\u00bbdefault\u00a0\u00bb custom_padding=\u00a0\u00bb0px||||false|false\u00a0\u00bb global_colors_info=\u00a0\u00bb{}\u00a0\u00bb][et_pb_column type=\u00a0\u00bb1_2&Prime; _builder_version=\u00a0\u00bb4.18.0&Prime; _module_preset=\u00a0\u00bbdefault\u00a0\u00bb global_colors_info=\u00a0\u00bb{}\u00a0\u00bb][et_pb_text _builder_version=\u00a0\u00bb4.27.4&Prime; _module_preset=\u00a0\u00bbdefault\u00a0\u00bb header_font=\u00a0\u00bb|600||on|||||\u00a0\u00bb header_font_size=\u00a0\u00bb15px\u00a0\u00bb header_2_font=\u00a0\u00bb|600|||||||\u00a0\u00bb header_2_font_size=\u00a0\u00bb30px\u00a0\u00bb header_2_line_height=\u00a0\u00bb1.2em\u00a0\u00bb header_3_font=\u00a0\u00bb|600||on|||||\u00a0\u00bb header_3_font_size=\u00a0\u00bb15px\u00a0\u00bb custom_padding_tablet=\u00a0\u00bb\u00a0\u00bb custom_padding_phone=\u00a0\u00bb\u00a0\u00bb custom_padding_last_edited=\u00a0\u00bbon|phone\u00a0\u00bb header_2_font_size_tablet=\u00a0\u00bb30px\u00a0\u00bb header_2_font_size_phone=\u00a0\u00bb30px\u00a0\u00bb header_2_font_size_last_edited=\u00a0\u00bbon|phone\u00a0\u00bb global_colors_info=\u00a0\u00bb{}\u00a0\u00bb]<\/p>\n<h3>Id\u00e9al pour<\/h3>\n<p>[\/et_pb_text][et_pb_divider divider_weight=\u00a0\u00bb4px\u00a0\u00bb _builder_version=\u00a0\u00bb4.27.4&Prime; _module_preset=\u00a0\u00bbdefault\u00a0\u00bb width=\u00a0\u00bb150px\u00a0\u00bb width_tablet=\u00a0\u00bb150px\u00a0\u00bb width_phone=\u00a0\u00bb125px\u00a0\u00bb width_last_edited=\u00a0\u00bbon|phone\u00a0\u00bb custom_margin=\u00a0\u00bb-20px||0px||false|false\u00a0\u00bb global_colors_info=\u00a0\u00bb{}\u00a0\u00bb][\/et_pb_divider][et_pb_text _builder_version=\u00a0\u00bb4.27.4&Prime; _module_preset=\u00a0\u00bbdefault\u00a0\u00bb header_2_font=\u00a0\u00bb|600|||||||\u00a0\u00bb header_2_font_size=\u00a0\u00bb30px\u00a0\u00bb header_3_font=\u00a0\u00bb|600||on|||||\u00a0\u00bb header_3_font_size=\u00a0\u00bb15px\u00a0\u00bb custom_margin=\u00a0\u00bb||||false|false\u00a0\u00bb global_colors_info=\u00a0\u00bb{}\u00a0\u00bb]Les organisations des secteurs public, sant\u00e9, d\u00e9fense et finance \u2014 o\u00f9 conformit\u00e9, s\u00e9curit\u00e9 et \u00e9volutivit\u00e9 sont essentielles.[\/et_pb_text][\/et_pb_column][et_pb_column type=\u00a0\u00bb1_2&Prime; _builder_version=\u00a0\u00bb4.18.0&Prime; _module_preset=\u00a0\u00bbdefault\u00a0\u00bb global_colors_info=\u00a0\u00bb{}\u00a0\u00bb][et_pb_text _builder_version=\u00a0\u00bb4.27.4&Prime; _module_preset=\u00a0\u00bbdefault\u00a0\u00bb header_font=\u00a0\u00bb|600||on|||||\u00a0\u00bb header_font_size=\u00a0\u00bb15px\u00a0\u00bb header_2_font=\u00a0\u00bb|600|||||||\u00a0\u00bb header_2_font_size=\u00a0\u00bb30px\u00a0\u00bb header_2_line_height=\u00a0\u00bb1.2em\u00a0\u00bb header_3_font=\u00a0\u00bb|600||on|||||\u00a0\u00bb header_3_font_size=\u00a0\u00bb15px\u00a0\u00bb custom_padding_tablet=\u00a0\u00bb\u00a0\u00bb custom_padding_phone=\u00a0\u00bb\u00a0\u00bb custom_padding_last_edited=\u00a0\u00bbon|phone\u00a0\u00bb hover_enabled=\u00a0\u00bb0&Prime; header_2_font_size_tablet=\u00a0\u00bb30px\u00a0\u00bb header_2_font_size_phone=\u00a0\u00bb30px\u00a0\u00bb header_2_font_size_last_edited=\u00a0\u00bbon|phone\u00a0\u00bb global_colors_info=\u00a0\u00bb{}\u00a0\u00bb sticky_enabled=\u00a0\u00bb0&Prime;]<\/p>\n<h3>Principaux avantages<\/h3>\n<p>[\/et_pb_text][et_pb_divider divider_weight=\u00a0\u00bb4px\u00a0\u00bb _builder_version=\u00a0\u00bb4.27.4&Prime; _module_preset=\u00a0\u00bbdefault\u00a0\u00bb width=\u00a0\u00bb150px\u00a0\u00bb width_tablet=\u00a0\u00bb150px\u00a0\u00bb width_phone=\u00a0\u00bb125px\u00a0\u00bb width_last_edited=\u00a0\u00bbon|phone\u00a0\u00bb custom_margin=\u00a0\u00bb-20px||0px||false|false\u00a0\u00bb global_colors_info=\u00a0\u00bb{}\u00a0\u00bb][\/et_pb_divider][et_pb_text _builder_version=\u00a0\u00bb4.27.4&Prime; _module_preset=\u00a0\u00bbdefault\u00a0\u00bb header_2_font=\u00a0\u00bb|600|||||||\u00a0\u00bb header_2_font_size=\u00a0\u00bb30px\u00a0\u00bb header_3_font=\u00a0\u00bb|600||on|||||\u00a0\u00bb header_3_font_size=\u00a0\u00bb15px\u00a0\u00bb custom_margin=\u00a0\u00bb||||false|false\u00a0\u00bb hover_enabled=\u00a0\u00bb0&Prime; global_colors_info=\u00a0\u00bb{}\u00a0\u00bb sticky_enabled=\u00a0\u00bb0&Prime;]<\/p>\n<ul>\n<li>Contr\u00f4le total de l\u2019infrastructure et des donn\u00e9es (sur site ou dans le cloud)<\/li>\n<li>Interop\u00e9rabilit\u00e9 fluide avec les principales plateformes vid\u00e9o<\/li>\n<li>Int\u00e9gration certifi\u00e9e avec Microsoft Teams et Skype for Business<\/li>\n<li>\u00c9volutif des petites \u00e9quipes aux entreprises internationales<\/li>\n<\/ul>\n<p>[\/et_pb_text][\/et_pb_column][\/et_pb_row][et_pb_row column_structure=\u00a0\u00bb1_2,1_2&Prime; _builder_version=\u00a0\u00bb4.27.4&Prime; _module_preset=\u00a0\u00bbdefault\u00a0\u00bb custom_padding=\u00a0\u00bb0px||||false|false\u00a0\u00bb global_colors_info=\u00a0\u00bb{}\u00a0\u00bb][et_pb_column type=\u00a0\u00bb1_2&Prime; _builder_version=\u00a0\u00bb4.18.0&Prime; _module_preset=\u00a0\u00bbdefault\u00a0\u00bb global_colors_info=\u00a0\u00bb{}\u00a0\u00bb][et_pb_text _builder_version=\u00a0\u00bb4.27.4&Prime; _module_preset=\u00a0\u00bbdefault\u00a0\u00bb header_2_font=\u00a0\u00bb|600|||||||\u00a0\u00bb header_2_font_size=\u00a0\u00bb30px\u00a0\u00bb header_2_line_height=\u00a0\u00bb1.1em\u00a0\u00bb header_3_font=\u00a0\u00bb|600||on|||||\u00a0\u00bb header_3_font_size=\u00a0\u00bb15px\u00a0\u00bb hover_enabled=\u00a0\u00bb0&Prime; global_colors_info=\u00a0\u00bb{}\u00a0\u00bb sticky_enabled=\u00a0\u00bb0&Prime;]<\/p>\n<h3>Protection des donn\u00e9es<\/h3>\n<h2>Aidez vos clients \u00e0 r\u00e9pondre aux normes les plus \u00e9lev\u00e9es<\/h2>\n<p>[\/et_pb_text][et_pb_divider divider_weight=\u00a0\u00bb4px\u00a0\u00bb _builder_version=\u00a0\u00bb4.27.4&Prime; _module_preset=\u00a0\u00bbdefault\u00a0\u00bb width=\u00a0\u00bb150px\u00a0\u00bb width_tablet=\u00a0\u00bb150px\u00a0\u00bb width_phone=\u00a0\u00bb125px\u00a0\u00bb width_last_edited=\u00a0\u00bbon|phone\u00a0\u00bb custom_margin=\u00a0\u00bb-20px||0px||false|false\u00a0\u00bb global_colors_info=\u00a0\u00bb{}\u00a0\u00bb][\/et_pb_divider][et_pb_text _builder_version=\u00a0\u00bb4.27.4&Prime; _module_preset=\u00a0\u00bbdefault\u00a0\u00bb header_2_font=\u00a0\u00bb|600|||||||\u00a0\u00bb header_2_font_size=\u00a0\u00bb30px\u00a0\u00bb header_3_font=\u00a0\u00bb|600||on|||||\u00a0\u00bb header_3_font_size=\u00a0\u00bb15px\u00a0\u00bb custom_margin=\u00a0\u00bb||||false|false\u00a0\u00bb hover_enabled=\u00a0\u00bb0&Prime; global_colors_info=\u00a0\u00bb{}\u00a0\u00bb sticky_enabled=\u00a0\u00bb0&Prime;]Pexip permet aux organisations de satisfaire aux exigences les plus strictes en mati\u00e8re de confidentialit\u00e9 des donn\u00e9es, de contr\u00f4le des syst\u00e8mes et d\u2019interop\u00e9rabilit\u00e9 des plateformes. Via Actis, vous donnez \u00e0 vos clients acc\u00e8s \u00e0 une plateforme vid\u00e9o fiable et pr\u00eate pour l\u2019entreprise \u2014 pleinement conforme aux r\u00e9glementations europ\u00e9ennes sur les donn\u00e9es et adaptable \u00e0 tout environnement IT. Qu\u2019il s\u2019agisse de connecter des \u00e9quipes \u00e0 distance ou de s\u00e9curiser des communications sensibles, vos clients peuvent compter sur Pexip pour la qualit\u00e9, le contr\u00f4le et la conformit\u00e9.[\/et_pb_text][\/et_pb_column][et_pb_column type=\u00a0\u00bb1_2&Prime; _builder_version=\u00a0\u00bb4.18.0&Prime; _module_preset=\u00a0\u00bbdefault\u00a0\u00bb global_colors_info=\u00a0\u00bb{}\u00a0\u00bb][et_pb_image src=\u00a0\u00bbhttps:\/\/actis.nl\/wp-content\/uploads\/2025\/07\/secure-collaboration.jpg\u00a0\u00bb alt=\u00a0\u00bbsecure collaboration\u00a0\u00bb _builder_version=\u00a0\u00bb4.27.4&Prime; _module_preset=\u00a0\u00bbdefault\u00a0\u00bb border_radii=\u00a0\u00bbon|4px|4px|4px|4px\u00a0\u00bb global_colors_info=\u00a0\u00bb{}\u00a0\u00bb][\/et_pb_image][\/et_pb_column][\/et_pb_row][\/et_pb_section][et_pb_section fb_built=\u00a0\u00bb1&Prime; _builder_version=\u00a0\u00bb4.18.0&Prime; _module_preset=\u00a0\u00bbdefault\u00a0\u00bb background_color=\u00a0\u00bb#e7ecef\u00a0\u00bb custom_padding=\u00a0\u00bb40px||60px||false|false\u00a0\u00bb saved_tabs=\u00a0\u00bball\u00a0\u00bb global_colors_info=\u00a0\u00bb{}\u00a0\u00bb][et_pb_row _builder_version=\u00a0\u00bb4.27.4&Prime; _module_preset=\u00a0\u00bbdefault\u00a0\u00bb max_width=\u00a0\u00bb700px\u00a0\u00bb custom_padding=\u00a0\u00bb||0px||false|false\u00a0\u00bb global_colors_info=\u00a0\u00bb{}\u00a0\u00bb][et_pb_column type=\u00a0\u00bb4_4&Prime; _builder_version=\u00a0\u00bb4.18.0&Prime; _module_preset=\u00a0\u00bbdefault\u00a0\u00bb global_colors_info=\u00a0\u00bb{}\u00a0\u00bb][et_pb_text _builder_version=\u00a0\u00bb4.27.4&Prime; _module_preset=\u00a0\u00bbdefault\u00a0\u00bb header_2_font=\u00a0\u00bb|600|||||||\u00a0\u00bb header_2_font_size=\u00a0\u00bb30px\u00a0\u00bb header_2_line_height=\u00a0\u00bb1.1em\u00a0\u00bb header_3_font=\u00a0\u00bb|600||on|||||\u00a0\u00bb header_3_font_size=\u00a0\u00bb15px\u00a0\u00bb text_orientation=\u00a0\u00bbcenter\u00a0\u00bb hover_enabled=\u00a0\u00bb0&Prime; global_colors_info=\u00a0\u00bb{}\u00a0\u00bb sticky_enabled=\u00a0\u00bb0&Prime;]<\/p>\n<h3>Communications s\u00e9curis\u00e9es<\/h3>\n<h2>Rejoignez les milliers d\u2019organisations qui utilisent Pexip<\/h2>\n<p>[\/et_pb_text][et_pb_divider divider_weight=\u00a0\u00bb4px\u00a0\u00bb _builder_version=\u00a0\u00bb4.18.0&Prime; _module_preset=\u00a0\u00bbdefault\u00a0\u00bb width=\u00a0\u00bb150px\u00a0\u00bb width_tablet=\u00a0\u00bb150px\u00a0\u00bb width_phone=\u00a0\u00bb125px\u00a0\u00bb width_last_edited=\u00a0\u00bbon|phone\u00a0\u00bb module_alignment=\u00a0\u00bbcenter\u00a0\u00bb custom_margin=\u00a0\u00bb-20px||||false|false\u00a0\u00bb global_colors_info=\u00a0\u00bb{}\u00a0\u00bb][\/et_pb_divider][\/et_pb_column][\/et_pb_row][et_pb_row _builder_version=\u00a0\u00bb4.18.0&Prime; _module_preset=\u00a0\u00bbdefault\u00a0\u00bb global_colors_info=\u00a0\u00bb{}\u00a0\u00bb][et_pb_column type=\u00a0\u00bb4_4&Prime; _builder_version=\u00a0\u00bb4.18.0&Prime; _module_preset=\u00a0\u00bbdefault\u00a0\u00bb global_colors_info=\u00a0\u00bb{}\u00a0\u00bb][et_pb_text _builder_version=\u00a0\u00bb4.27.4&Prime; _module_preset=\u00a0\u00bbdefault\u00a0\u00bb text_orientation=\u00a0\u00bbcenter\u00a0\u00bb hover_enabled=\u00a0\u00bb0&Prime; global_colors_info=\u00a0\u00bb{}\u00a0\u00bb sticky_enabled=\u00a0\u00bb0&Prime;]Pour toute question ou information compl\u00e9mentaire, n\u2019h\u00e9sitez pas \u00e0 nous contacter \u00e0 <span style=\"color: #00af69;\">support@actis.nl<\/span> ou <span style=\"color: #00af69;\">sales@actis.nl<\/span>.<br \/>\nMontrez-moi une d\u00e9mo ![\/et_pb_text][et_pb_button button_url=\u00a0\u00bbhttps:\/\/actis.nl\/fr\/contact\/\u00a0\u00bb button_text=\u00a0\u00bbContactez-nous\u00a0\u00bb button_alignment=\u00a0\u00bbcenter\u00a0\u00bb _builder_version=\u00a0\u00bb4.27.4&Prime; _module_preset=\u00a0\u00bbdefault\u00a0\u00bb hover_enabled=\u00a0\u00bb0&Prime; global_colors_info=\u00a0\u00bb{}\u00a0\u00bb sticky_enabled=\u00a0\u00bb0&Prime;][\/et_pb_button][\/et_pb_column][\/et_pb_row][\/et_pb_section]<\/p>\n","protected":false},"excerpt":{"rendered":"<p>Pexip S\u00e9curis\u00e9. Personnel. Flexible.Pourquoi Pexip via Actis ? En tant que distributeur, nous accompagnons nos partenaires avec des conseils d\u2019experts, un accompagnement \u00e0 la mise en \u0153uvre et un support sur mesure. Qu\u2019il s\u2019agisse d\u2019int\u00e9grations avec Microsoft Teams, Zoom, Google Meet ou une infrastructure SIP, Pexip est reconnu pour son interop\u00e9rabilit\u00e9 et sa forte attention \u00e0 la protection des donn\u00e9es.Id\u00e9al pourLes organisations des secteurs public, sant\u00e9, d\u00e9fense et finance \u2014 o\u00f9 conformit\u00e9, s\u00e9curit\u00e9 et \u00e9volutivit\u00e9 sont essentielles.Principaux avantages Contr\u00f4le total de l\u2019infrastructure et des donn\u00e9es (sur site ou dans le cloud) Interop\u00e9rabilit\u00e9 fluide avec les principales plateformes vid\u00e9o Int\u00e9gration certifi\u00e9e avec Microsoft Teams et Skype for Business \u00c9volutif des petites \u00e9quipes aux entreprises internationales Protection des donn\u00e9es Aidez vos clients \u00e0 r\u00e9pondre aux normes les plus \u00e9lev\u00e9esPexip permet aux organisations de satisfaire aux exigences les plus strictes en mati\u00e8re de confidentialit\u00e9 des donn\u00e9es, de contr\u00f4le des syst\u00e8mes et d\u2019interop\u00e9rabilit\u00e9 des plateformes. Via Actis, vous donnez \u00e0 vos clients acc\u00e8s \u00e0 une plateforme vid\u00e9o fiable et pr\u00eate pour l\u2019entreprise \u2014 pleinement conforme aux r\u00e9glementations europ\u00e9ennes sur les donn\u00e9es et adaptable \u00e0 tout environnement IT. Qu\u2019il s\u2019agisse de connecter des \u00e9quipes \u00e0 distance ou de s\u00e9curiser des communications sensibles, vos clients peuvent [&hellip;]<\/p>\n","protected":false},"author":2,"featured_media":0,"parent":0,"menu_order":10,"comment_status":"closed","ping_status":"closed","template":"","meta":{"_et_pb_use_builder":"on","_et_pb_old_content":"","_et_gb_content_width":"","footnotes":""},"class_list":["post-3174","page","type-page","status-publish","hentry"],"yoast_head":"<!-- This site is optimized with the Yoast SEO plugin v27.4 - https:\/\/yoast.com\/product\/yoast-seo-wordpress\/ -->\n<title>Pexip - Actis.nl<\/title>\n<meta name=\"robots\" content=\"index, follow, max-snippet:-1, max-image-preview:large, max-video-preview:-1\" \/>\n<link rel=\"canonical\" href=\"https:\/\/actis.nl\/fr\/pexip\/\" \/>\n<meta property=\"og:locale\" content=\"fr_FR\" \/>\n<meta property=\"og:type\" content=\"article\" \/>\n<meta property=\"og:title\" content=\"Pexip - Actis.nl\" \/>\n<meta property=\"og:description\" content=\"Pexip S\u00e9curis\u00e9. Personnel. Flexible.Pourquoi Pexip via Actis ? En tant que distributeur, nous accompagnons nos partenaires avec des conseils d\u2019experts, un accompagnement \u00e0 la mise en \u0153uvre et un support sur mesure. Qu\u2019il s\u2019agisse d\u2019int\u00e9grations avec Microsoft Teams, Zoom, Google Meet ou une infrastructure SIP, Pexip est reconnu pour son interop\u00e9rabilit\u00e9 et sa forte attention \u00e0 la protection des donn\u00e9es.Id\u00e9al pourLes organisations des secteurs public, sant\u00e9, d\u00e9fense et finance \u2014 o\u00f9 conformit\u00e9, s\u00e9curit\u00e9 et \u00e9volutivit\u00e9 sont essentielles.Principaux avantages Contr\u00f4le total de l\u2019infrastructure et des donn\u00e9es (sur site ou dans le cloud) Interop\u00e9rabilit\u00e9 fluide avec les principales plateformes vid\u00e9o Int\u00e9gration certifi\u00e9e avec Microsoft Teams et Skype for Business \u00c9volutif des petites \u00e9quipes aux entreprises internationales Protection des donn\u00e9es Aidez vos clients \u00e0 r\u00e9pondre aux normes les plus \u00e9lev\u00e9esPexip permet aux organisations de satisfaire aux exigences les plus strictes en mati\u00e8re de confidentialit\u00e9 des donn\u00e9es, de contr\u00f4le des syst\u00e8mes et d\u2019interop\u00e9rabilit\u00e9 des plateformes. Via Actis, vous donnez \u00e0 vos clients acc\u00e8s \u00e0 une plateforme vid\u00e9o fiable et pr\u00eate pour l\u2019entreprise \u2014 pleinement conforme aux r\u00e9glementations europ\u00e9ennes sur les donn\u00e9es et adaptable \u00e0 tout environnement IT. Qu\u2019il s\u2019agisse de connecter des \u00e9quipes \u00e0 distance ou de s\u00e9curiser des communications sensibles, vos clients peuvent [&hellip;]\" \/>\n<meta property=\"og:url\" content=\"https:\/\/actis.nl\/fr\/pexip\/\" \/>\n<meta property=\"og:site_name\" content=\"Actis.nl\" \/>\n<meta property=\"article:modified_time\" content=\"2025-10-13T07:36:10+00:00\" \/>\n<meta name=\"twitter:card\" content=\"summary_large_image\" \/>\n<meta name=\"twitter:label1\" content=\"Dur\u00e9e de lecture estim\u00e9e\" \/>\n\t<meta name=\"twitter:data1\" content=\"2 minutes\" \/>\n<script type=\"application\/ld+json\" class=\"yoast-schema-graph\">{\"@context\":\"https:\\\/\\\/schema.org\",\"@graph\":[{\"@type\":\"WebPage\",\"@id\":\"https:\\\/\\\/actis.nl\\\/fr\\\/pexip\\\/\",\"url\":\"https:\\\/\\\/actis.nl\\\/fr\\\/pexip\\\/\",\"name\":\"Pexip - Actis.nl\",\"isPartOf\":{\"@id\":\"https:\\\/\\\/actis.nl\\\/#website\"},\"datePublished\":\"2025-07-03T04:34:37+00:00\",\"dateModified\":\"2025-10-13T07:36:10+00:00\",\"breadcrumb\":{\"@id\":\"https:\\\/\\\/actis.nl\\\/fr\\\/pexip\\\/#breadcrumb\"},\"inLanguage\":\"fr-FR\",\"potentialAction\":[{\"@type\":\"ReadAction\",\"target\":[\"https:\\\/\\\/actis.nl\\\/fr\\\/pexip\\\/\"]}]},{\"@type\":\"BreadcrumbList\",\"@id\":\"https:\\\/\\\/actis.nl\\\/fr\\\/pexip\\\/#breadcrumb\",\"itemListElement\":[{\"@type\":\"ListItem\",\"position\":1,\"name\":\"Home\",\"item\":\"https:\\\/\\\/actis.nl\\\/\"},{\"@type\":\"ListItem\",\"position\":2,\"name\":\"Pexip\"}]},{\"@type\":\"WebSite\",\"@id\":\"https:\\\/\\\/actis.nl\\\/#website\",\"url\":\"https:\\\/\\\/actis.nl\\\/\",\"name\":\"Actis.nl\",\"description\":\"Value Added Distributor of AudioCodes\",\"potentialAction\":[{\"@type\":\"SearchAction\",\"target\":{\"@type\":\"EntryPoint\",\"urlTemplate\":\"https:\\\/\\\/actis.nl\\\/?s={search_term_string}\"},\"query-input\":{\"@type\":\"PropertyValueSpecification\",\"valueRequired\":true,\"valueName\":\"search_term_string\"}}],\"inLanguage\":\"fr-FR\"}]}<\/script>\n<!-- \/ Yoast SEO plugin. -->","yoast_head_json":{"title":"Pexip - Actis.nl","robots":{"index":"index","follow":"follow","max-snippet":"max-snippet:-1","max-image-preview":"max-image-preview:large","max-video-preview":"max-video-preview:-1"},"canonical":"https:\/\/actis.nl\/fr\/pexip\/","og_locale":"fr_FR","og_type":"article","og_title":"Pexip - Actis.nl","og_description":"Pexip S\u00e9curis\u00e9. Personnel. Flexible.Pourquoi Pexip via Actis ? En tant que distributeur, nous accompagnons nos partenaires avec des conseils d\u2019experts, un accompagnement \u00e0 la mise en \u0153uvre et un support sur mesure. Qu\u2019il s\u2019agisse d\u2019int\u00e9grations avec Microsoft Teams, Zoom, Google Meet ou une infrastructure SIP, Pexip est reconnu pour son interop\u00e9rabilit\u00e9 et sa forte attention \u00e0 la protection des donn\u00e9es.Id\u00e9al pourLes organisations des secteurs public, sant\u00e9, d\u00e9fense et finance \u2014 o\u00f9 conformit\u00e9, s\u00e9curit\u00e9 et \u00e9volutivit\u00e9 sont essentielles.Principaux avantages Contr\u00f4le total de l\u2019infrastructure et des donn\u00e9es (sur site ou dans le cloud) Interop\u00e9rabilit\u00e9 fluide avec les principales plateformes vid\u00e9o Int\u00e9gration certifi\u00e9e avec Microsoft Teams et Skype for Business \u00c9volutif des petites \u00e9quipes aux entreprises internationales Protection des donn\u00e9es Aidez vos clients \u00e0 r\u00e9pondre aux normes les plus \u00e9lev\u00e9esPexip permet aux organisations de satisfaire aux exigences les plus strictes en mati\u00e8re de confidentialit\u00e9 des donn\u00e9es, de contr\u00f4le des syst\u00e8mes et d\u2019interop\u00e9rabilit\u00e9 des plateformes. Via Actis, vous donnez \u00e0 vos clients acc\u00e8s \u00e0 une plateforme vid\u00e9o fiable et pr\u00eate pour l\u2019entreprise \u2014 pleinement conforme aux r\u00e9glementations europ\u00e9ennes sur les donn\u00e9es et adaptable \u00e0 tout environnement IT. Qu\u2019il s\u2019agisse de connecter des \u00e9quipes \u00e0 distance ou de s\u00e9curiser des communications sensibles, vos clients peuvent [&hellip;]","og_url":"https:\/\/actis.nl\/fr\/pexip\/","og_site_name":"Actis.nl","article_modified_time":"2025-10-13T07:36:10+00:00","twitter_card":"summary_large_image","twitter_misc":{"Dur\u00e9e de lecture estim\u00e9e":"2 minutes"},"schema":{"@context":"https:\/\/schema.org","@graph":[{"@type":"WebPage","@id":"https:\/\/actis.nl\/fr\/pexip\/","url":"https:\/\/actis.nl\/fr\/pexip\/","name":"Pexip - Actis.nl","isPartOf":{"@id":"https:\/\/actis.nl\/#website"},"datePublished":"2025-07-03T04:34:37+00:00","dateModified":"2025-10-13T07:36:10+00:00","breadcrumb":{"@id":"https:\/\/actis.nl\/fr\/pexip\/#breadcrumb"},"inLanguage":"fr-FR","potentialAction":[{"@type":"ReadAction","target":["https:\/\/actis.nl\/fr\/pexip\/"]}]},{"@type":"BreadcrumbList","@id":"https:\/\/actis.nl\/fr\/pexip\/#breadcrumb","itemListElement":[{"@type":"ListItem","position":1,"name":"Home","item":"https:\/\/actis.nl\/"},{"@type":"ListItem","position":2,"name":"Pexip"}]},{"@type":"WebSite","@id":"https:\/\/actis.nl\/#website","url":"https:\/\/actis.nl\/","name":"Actis.nl","description":"Value Added Distributor of AudioCodes","potentialAction":[{"@type":"SearchAction","target":{"@type":"EntryPoint","urlTemplate":"https:\/\/actis.nl\/?s={search_term_string}"},"query-input":{"@type":"PropertyValueSpecification","valueRequired":true,"valueName":"search_term_string"}}],"inLanguage":"fr-FR"}]}},"_links":{"self":[{"href":"https:\/\/actis.nl\/fr\/wp-json\/wp\/v2\/pages\/3174","targetHints":{"allow":["GET"]}}],"collection":[{"href":"https:\/\/actis.nl\/fr\/wp-json\/wp\/v2\/pages"}],"about":[{"href":"https:\/\/actis.nl\/fr\/wp-json\/wp\/v2\/types\/page"}],"author":[{"embeddable":true,"href":"https:\/\/actis.nl\/fr\/wp-json\/wp\/v2\/users\/2"}],"replies":[{"embeddable":true,"href":"https:\/\/actis.nl\/fr\/wp-json\/wp\/v2\/comments?post=3174"}],"version-history":[{"count":4,"href":"https:\/\/actis.nl\/fr\/wp-json\/wp\/v2\/pages\/3174\/revisions"}],"predecessor-version":[{"id":3185,"href":"https:\/\/actis.nl\/fr\/wp-json\/wp\/v2\/pages\/3174\/revisions\/3185"}],"wp:attachment":[{"href":"https:\/\/actis.nl\/fr\/wp-json\/wp\/v2\/media?parent=3174"}],"curies":[{"name":"wp","href":"https:\/\/api.w.org\/{rel}","templated":true}]}}