{"id":3162,"date":"2025-07-03T07:10:03","date_gmt":"2025-07-03T06:10:03","guid":{"rendered":"https:\/\/actis.nl\/jpl\/"},"modified":"2025-09-08T08:15:31","modified_gmt":"2025-09-08T07:15:31","slug":"jpl","status":"publish","type":"page","link":"https:\/\/actis.nl\/fr\/jpl\/","title":{"rendered":"JPL"},"content":{"rendered":"<p>[et_pb_section fb_built=\u00a0\u00bb1&Prime; custom_padding_last_edited=\u00a0\u00bbon|phone\u00a0\u00bb _builder_version=\u00a0\u00bb4.18.0&Prime; _module_preset=\u00a0\u00bbdefault\u00a0\u00bb custom_padding=\u00a0\u00bb40px||80px||false|false\u00a0\u00bb custom_padding_tablet=\u00a0\u00bb40px||40px||false|false\u00a0\u00bb custom_padding_phone=\u00a0\u00bb20px||20px||false|false\u00a0\u00bb global_colors_info=\u00a0\u00bb{}\u00a0\u00bb][et_pb_row _builder_version=\u00a0\u00bb4.18.0&Prime; _module_preset=\u00a0\u00bbdefault\u00a0\u00bb custom_padding=\u00a0\u00bb||10px||false|false\u00a0\u00bb global_colors_info=\u00a0\u00bb{}\u00a0\u00bb][et_pb_column type=\u00a0\u00bb4_4&Prime; _builder_version=\u00a0\u00bb4.18.0&Prime; _module_preset=\u00a0\u00bbdefault\u00a0\u00bb global_colors_info=\u00a0\u00bb{}\u00a0\u00bb][et_pb_text _builder_version=\u00a0\u00bb4.27.4&Prime; _module_preset=\u00a0\u00bbdefault\u00a0\u00bb header_font=\u00a0\u00bb|600||on|||||\u00a0\u00bb header_font_size=\u00a0\u00bb15px\u00a0\u00bb header_2_font=\u00a0\u00bb|600|||||||\u00a0\u00bb header_2_font_size=\u00a0\u00bb30px\u00a0\u00bb header_2_line_height=\u00a0\u00bb1.2em\u00a0\u00bb header_3_font=\u00a0\u00bb|600||on|||||\u00a0\u00bb header_3_font_size=\u00a0\u00bb15px\u00a0\u00bb custom_padding=\u00a0\u00bb|50%|||false|false\u00a0\u00bb custom_padding_tablet=\u00a0\u00bb|30%|||false|false\u00a0\u00bb custom_padding_phone=\u00a0\u00bb|0%|||false|false\u00a0\u00bb custom_padding_last_edited=\u00a0\u00bbon|phone\u00a0\u00bb hover_enabled=\u00a0\u00bb0&Prime; header_2_font_size_tablet=\u00a0\u00bb30px\u00a0\u00bb header_2_font_size_phone=\u00a0\u00bb30px\u00a0\u00bb header_2_font_size_last_edited=\u00a0\u00bbon|phone\u00a0\u00bb global_colors_info=\u00a0\u00bb{}\u00a0\u00bb sticky_enabled=\u00a0\u00bb0&Prime;]<\/p>\n<h1>JPL<\/h1>\n<h2>Casques professionnels &amp; <br \/>solutions audio<\/h2>\n<p>[\/et_pb_text][et_pb_divider divider_weight=\u00a0\u00bb4px\u00a0\u00bb _builder_version=\u00a0\u00bb4.27.3&Prime; _module_preset=\u00a0\u00bbdefault\u00a0\u00bb width=\u00a0\u00bb150px\u00a0\u00bb width_tablet=\u00a0\u00bb150px\u00a0\u00bb width_phone=\u00a0\u00bb125px\u00a0\u00bb width_last_edited=\u00a0\u00bbon|phone\u00a0\u00bb custom_margin=\u00a0\u00bb-20px||||false|false\u00a0\u00bb global_colors_info=\u00a0\u00bb{}\u00a0\u00bb][\/et_pb_divider][\/et_pb_column][\/et_pb_row][et_pb_row column_structure=\u00a0\u00bb1_2,1_2&Prime; _builder_version=\u00a0\u00bb4.19.5&Prime; _module_preset=\u00a0\u00bbdefault\u00a0\u00bb custom_padding=\u00a0\u00bb0px||||false|false\u00a0\u00bb global_colors_info=\u00a0\u00bb{}\u00a0\u00bb][et_pb_column type=\u00a0\u00bb1_2&Prime; _builder_version=\u00a0\u00bb4.18.0&Prime; _module_preset=\u00a0\u00bbdefault\u00a0\u00bb global_colors_info=\u00a0\u00bb{}\u00a0\u00bb][et_pb_text _builder_version=\u00a0\u00bb4.27.4&Prime; _module_preset=\u00a0\u00bbdefault\u00a0\u00bb header_2_font=\u00a0\u00bb|600||on|||||\u00a0\u00bb header_2_font_size=\u00a0\u00bb15px\u00a0\u00bb header_3_font=\u00a0\u00bb|600||on|||||\u00a0\u00bb header_3_font_size=\u00a0\u00bb15px\u00a0\u00bb custom_margin=\u00a0\u00bb||||false|false\u00a0\u00bb hover_enabled=\u00a0\u00bb0&Prime; global_colors_info=\u00a0\u00bb{}\u00a0\u00bb sticky_enabled=\u00a0\u00bb0&Prime;]<\/p>\n<h2>Une qualit\u00e9 abordable pour chaque espace de travail<\/h2>\n<p>JPL con\u00e7oit des solutions audio et vid\u00e9o fiables pour la communication professionnelle moderne. Centres de contact, environnements de travail hybrides ou salles de r\u00e9union : JPL offre des performances constantes sans d\u00e9passer le budget.[\/et_pb_text][et_pb_text _builder_version=\u00a0\u00bb4.27.4&Prime; _module_preset=\u00a0\u00bbdefault\u00a0\u00bb header_2_font=\u00a0\u00bb|600||on|||||\u00a0\u00bb header_2_font_size=\u00a0\u00bb15px\u00a0\u00bb header_3_font=\u00a0\u00bb|600||on|||||\u00a0\u00bb header_3_font_size=\u00a0\u00bb15px\u00a0\u00bb custom_margin=\u00a0\u00bb||||false|false\u00a0\u00bb hover_enabled=\u00a0\u00bb0&Prime; global_colors_info=\u00a0\u00bb{}\u00a0\u00bb sticky_enabled=\u00a0\u00bb0&Prime;]<\/p>\n<h2>Pourquoi JPL via Actis ?<\/h2>\n<p>Nous offrons \u00e0 nos partenaires l\u2019acc\u00e8s \u00e0 l\u2019ensemble du portefeuille JPL, des casques USB aux haut-parleurs de conf\u00e9rence et barres vid\u00e9o. Les designs modulaires de JPL permettent de remplacer facilement les pi\u00e8ces, r\u00e9duisant le co\u00fbt total de possession (TCO) et minimisant les d\u00e9chets \u00e9lectroniques.<\/p>\n<p>[\/et_pb_text][\/et_pb_column][et_pb_column type=\u00a0\u00bb1_2&Prime; _builder_version=\u00a0\u00bb4.18.0&Prime; _module_preset=\u00a0\u00bbdefault\u00a0\u00bb global_colors_info=\u00a0\u00bb{}\u00a0\u00bb][et_pb_image src=\u00a0\u00bbhttps:\/\/actis.nl\/wp-content\/uploads\/2025\/07\/JPL-logo-250px.jpg\u00a0\u00bb alt=\u00a0\u00bbJPL logo\u00a0\u00bb _builder_version=\u00a0\u00bb4.27.4&Prime; _module_preset=\u00a0\u00bbdefault\u00a0\u00bb global_colors_info=\u00a0\u00bb{}\u00a0\u00bb][\/et_pb_image][\/et_pb_column][\/et_pb_row][et_pb_row column_structure=\u00a0\u00bb1_2,1_2&Prime; _builder_version=\u00a0\u00bb4.27.4&Prime; _module_preset=\u00a0\u00bbdefault\u00a0\u00bb custom_padding=\u00a0\u00bb0px||||false|false\u00a0\u00bb global_colors_info=\u00a0\u00bb{}\u00a0\u00bb][et_pb_column type=\u00a0\u00bb1_2&Prime; _builder_version=\u00a0\u00bb4.18.0&Prime; _module_preset=\u00a0\u00bbdefault\u00a0\u00bb global_colors_info=\u00a0\u00bb{}\u00a0\u00bb][et_pb_text _builder_version=\u00a0\u00bb4.27.4&Prime; _module_preset=\u00a0\u00bbdefault\u00a0\u00bb header_font=\u00a0\u00bb|600||on|||||\u00a0\u00bb header_font_size=\u00a0\u00bb15px\u00a0\u00bb header_2_font=\u00a0\u00bb|600|||||||\u00a0\u00bb header_2_font_size=\u00a0\u00bb30px\u00a0\u00bb header_2_line_height=\u00a0\u00bb1.2em\u00a0\u00bb header_3_font=\u00a0\u00bb|600||on|||||\u00a0\u00bb header_3_font_size=\u00a0\u00bb15px\u00a0\u00bb custom_padding_tablet=\u00a0\u00bb\u00a0\u00bb custom_padding_phone=\u00a0\u00bb\u00a0\u00bb custom_padding_last_edited=\u00a0\u00bbon|phone\u00a0\u00bb hover_enabled=\u00a0\u00bb0&Prime; header_2_font_size_tablet=\u00a0\u00bb30px\u00a0\u00bb header_2_font_size_phone=\u00a0\u00bb30px\u00a0\u00bb header_2_font_size_last_edited=\u00a0\u00bbon|phone\u00a0\u00bb global_colors_info=\u00a0\u00bb{}\u00a0\u00bb sticky_enabled=\u00a0\u00bb0&Prime;]<\/p>\n<h3> Id\u00e9al pour <\/h3>\n<p>[\/et_pb_text][et_pb_divider divider_weight=\u00a0\u00bb4px\u00a0\u00bb _builder_version=\u00a0\u00bb4.27.4&Prime; _module_preset=\u00a0\u00bbdefault\u00a0\u00bb width=\u00a0\u00bb150px\u00a0\u00bb width_tablet=\u00a0\u00bb150px\u00a0\u00bb width_phone=\u00a0\u00bb125px\u00a0\u00bb width_last_edited=\u00a0\u00bbon|phone\u00a0\u00bb custom_margin=\u00a0\u00bb-20px||0px||false|false\u00a0\u00bb global_colors_info=\u00a0\u00bb{}\u00a0\u00bb][\/et_pb_divider][et_pb_text _builder_version=\u00a0\u00bb4.27.4&Prime; _module_preset=\u00a0\u00bbdefault\u00a0\u00bb header_2_font=\u00a0\u00bb|600|||||||\u00a0\u00bb header_2_font_size=\u00a0\u00bb30px\u00a0\u00bb header_3_font=\u00a0\u00bb|600||on|||||\u00a0\u00bb header_3_font_size=\u00a0\u00bb15px\u00a0\u00bb custom_margin=\u00a0\u00bb||||false|false\u00a0\u00bb hover_enabled=\u00a0\u00bb0&Prime; global_colors_info=\u00a0\u00bb{}\u00a0\u00bb sticky_enabled=\u00a0\u00bb0&Prime;]Les clients recherchant des \u00e9quipements robustes et faciles \u00e0 utiliser, avec un excellent rapport qualit\u00e9-prix.[\/et_pb_text][\/et_pb_column][et_pb_column type=\u00a0\u00bb1_2&Prime; _builder_version=\u00a0\u00bb4.18.0&Prime; _module_preset=\u00a0\u00bbdefault\u00a0\u00bb global_colors_info=\u00a0\u00bb{}\u00a0\u00bb][et_pb_text _builder_version=\u00a0\u00bb4.27.4&Prime; _module_preset=\u00a0\u00bbdefault\u00a0\u00bb header_font=\u00a0\u00bb|600||on|||||\u00a0\u00bb header_font_size=\u00a0\u00bb15px\u00a0\u00bb header_2_font=\u00a0\u00bb|600|||||||\u00a0\u00bb header_2_font_size=\u00a0\u00bb30px\u00a0\u00bb header_2_line_height=\u00a0\u00bb1.2em\u00a0\u00bb header_3_font=\u00a0\u00bb|600||on|||||\u00a0\u00bb header_3_font_size=\u00a0\u00bb15px\u00a0\u00bb custom_padding_tablet=\u00a0\u00bb\u00a0\u00bb custom_padding_phone=\u00a0\u00bb\u00a0\u00bb custom_padding_last_edited=\u00a0\u00bbon|phone\u00a0\u00bb hover_enabled=\u00a0\u00bb0&Prime; header_2_font_size_tablet=\u00a0\u00bb30px\u00a0\u00bb header_2_font_size_phone=\u00a0\u00bb30px\u00a0\u00bb header_2_font_size_last_edited=\u00a0\u00bbon|phone\u00a0\u00bb global_colors_info=\u00a0\u00bb{}\u00a0\u00bb sticky_enabled=\u00a0\u00bb0&Prime;]<\/p>\n<h3> Principaux avantages <\/h3>\n<p>[\/et_pb_text][et_pb_divider divider_weight=\u00a0\u00bb4px\u00a0\u00bb _builder_version=\u00a0\u00bb4.27.4&Prime; _module_preset=\u00a0\u00bbdefault\u00a0\u00bb width=\u00a0\u00bb150px\u00a0\u00bb width_tablet=\u00a0\u00bb150px\u00a0\u00bb width_phone=\u00a0\u00bb125px\u00a0\u00bb width_last_edited=\u00a0\u00bbon|phone\u00a0\u00bb custom_margin=\u00a0\u00bb-20px||0px||false|false\u00a0\u00bb global_colors_info=\u00a0\u00bb{}\u00a0\u00bb][\/et_pb_divider][et_pb_text _builder_version=\u00a0\u00bb4.27.4&Prime; _module_preset=\u00a0\u00bbdefault\u00a0\u00bb header_2_font=\u00a0\u00bb|600|||||||\u00a0\u00bb header_2_font_size=\u00a0\u00bb30px\u00a0\u00bb header_3_font=\u00a0\u00bb|600||on|||||\u00a0\u00bb header_3_font_size=\u00a0\u00bb15px\u00a0\u00bb custom_margin=\u00a0\u00bb||||false|false\u00a0\u00bb hover_enabled=\u00a0\u00bb0&Prime; global_colors_info=\u00a0\u00bb{}\u00a0\u00bb sticky_enabled=\u00a0\u00bb0&Prime;]<\/p>\n<ul>\n<li>Conception modulaire pour une maintenance simplifi\u00e9e et une dur\u00e9e de vie prolong\u00e9e<\/li>\n<li>Compatible avec Microsoft Teams, Zoom, Webex et plus encore<\/li>\n<li>Large gamme adapt\u00e9e \u00e0 diff\u00e9rents profils d\u2019utilisateurs<\/li>\n<li>V\u00e9ritable exp\u00e9rience plug-and-play, aucun pilote requis<\/li>\n<li>JPL est conforme \u00e0 la TAA<\/li>\n<\/ul>\n<p>[\/et_pb_text][\/et_pb_column][\/et_pb_row][et_pb_row column_structure=\u00a0\u00bb1_2,1_2&Prime; _builder_version=\u00a0\u00bb4.27.4&Prime; _module_preset=\u00a0\u00bbdefault\u00a0\u00bb custom_padding=\u00a0\u00bb0px||||false|false\u00a0\u00bb global_colors_info=\u00a0\u00bb{}\u00a0\u00bb][et_pb_column type=\u00a0\u00bb1_2&Prime; _builder_version=\u00a0\u00bb4.18.0&Prime; _module_preset=\u00a0\u00bbdefault\u00a0\u00bb global_colors_info=\u00a0\u00bb{}\u00a0\u00bb][et_pb_text _builder_version=\u00a0\u00bb4.27.4&Prime; _module_preset=\u00a0\u00bbdefault\u00a0\u00bb header_2_font=\u00a0\u00bb|600|||||||\u00a0\u00bb header_2_font_size=\u00a0\u00bb30px\u00a0\u00bb header_2_line_height=\u00a0\u00bb1.1em\u00a0\u00bb header_3_font=\u00a0\u00bb|600||on|||||\u00a0\u00bb header_3_font_size=\u00a0\u00bb15px\u00a0\u00bb hover_enabled=\u00a0\u00bb0&Prime; global_colors_info=\u00a0\u00bb{}\u00a0\u00bb sticky_enabled=\u00a0\u00bb0&Prime;]<\/p>\n<h3> Compatibilit\u00e9 <\/h3>\n<h2>Apportez une r\u00e9elle valeur \u00e0 vos clients<\/h2>\n<p>[\/et_pb_text][et_pb_divider divider_weight=\u00a0\u00bb4px\u00a0\u00bb _builder_version=\u00a0\u00bb4.27.4&Prime; _module_preset=\u00a0\u00bbdefault\u00a0\u00bb width=\u00a0\u00bb150px\u00a0\u00bb width_tablet=\u00a0\u00bb150px\u00a0\u00bb width_phone=\u00a0\u00bb125px\u00a0\u00bb width_last_edited=\u00a0\u00bbon|phone\u00a0\u00bb custom_margin=\u00a0\u00bb-20px||0px||false|false\u00a0\u00bb global_colors_info=\u00a0\u00bb{}\u00a0\u00bb][\/et_pb_divider][et_pb_text _builder_version=\u00a0\u00bb4.27.4&Prime; _module_preset=\u00a0\u00bbdefault\u00a0\u00bb header_2_font=\u00a0\u00bb|600|||||||\u00a0\u00bb header_2_font_size=\u00a0\u00bb30px\u00a0\u00bb header_3_font=\u00a0\u00bb|600||on|||||\u00a0\u00bb header_3_font_size=\u00a0\u00bb15px\u00a0\u00bb custom_margin=\u00a0\u00bb||||false|false\u00a0\u00bb hover_enabled=\u00a0\u00bb0&Prime; global_colors_info=\u00a0\u00bb{}\u00a0\u00bb sticky_enabled=\u00a0\u00bb0&Prime;]Avec JPL, vous aidez vos clients \u00e0 r\u00e9duire les co\u00fbts op\u00e9rationnels, \u00e0 soutenir le travail hybride et \u00e0 am\u00e9liorer la satisfaction des utilisateurs \u2014 sans compromis sur la qualit\u00e9 audio ni la robustesse. Via Actis, vous proposez des outils de communication fiables, pr\u00eats \u00e0 d\u00e9ployer, faciles \u00e0 administrer et con\u00e7us pour durer.[\/et_pb_text][\/et_pb_column][et_pb_column type=\u00a0\u00bb1_2&Prime; _builder_version=\u00a0\u00bb4.18.0&Prime; _module_preset=\u00a0\u00bbdefault\u00a0\u00bb global_colors_info=\u00a0\u00bb{}\u00a0\u00bb][et_pb_image src=\u00a0\u00bbhttps:\/\/actis.nl\/wp-content\/uploads\/2025\/07\/callcenter-employees.jpg\u00a0\u00bb alt=\u00a0\u00bbcallcenter employees\u00a0\u00bb _builder_version=\u00a0\u00bb4.27.4&Prime; _module_preset=\u00a0\u00bbdefault\u00a0\u00bb border_radii=\u00a0\u00bbon|4px|4px|4px|4px\u00a0\u00bb global_colors_info=\u00a0\u00bb{}\u00a0\u00bb][\/et_pb_image][\/et_pb_column][\/et_pb_row][\/et_pb_section][et_pb_section fb_built=\u00a0\u00bb1&Prime; _builder_version=\u00a0\u00bb4.18.0&Prime; _module_preset=\u00a0\u00bbdefault\u00a0\u00bb background_color=\u00a0\u00bb#e7ecef\u00a0\u00bb custom_padding=\u00a0\u00bb40px||60px||false|false\u00a0\u00bb saved_tabs=\u00a0\u00bball\u00a0\u00bb global_colors_info=\u00a0\u00bb{}\u00a0\u00bb][et_pb_row _builder_version=\u00a0\u00bb4.27.4&Prime; _module_preset=\u00a0\u00bbdefault\u00a0\u00bb max_width=\u00a0\u00bb800px\u00a0\u00bb custom_padding=\u00a0\u00bb||0px||false|false\u00a0\u00bb hover_enabled=\u00a0\u00bb0&Prime; global_colors_info=\u00a0\u00bb{}\u00a0\u00bb sticky_enabled=\u00a0\u00bb0&Prime;][et_pb_column type=\u00a0\u00bb4_4&Prime; _builder_version=\u00a0\u00bb4.18.0&Prime; _module_preset=\u00a0\u00bbdefault\u00a0\u00bb global_colors_info=\u00a0\u00bb{}\u00a0\u00bb][et_pb_text _builder_version=\u00a0\u00bb4.27.4&Prime; _module_preset=\u00a0\u00bbdefault\u00a0\u00bb header_2_font=\u00a0\u00bb|600|||||||\u00a0\u00bb header_2_font_size=\u00a0\u00bb30px\u00a0\u00bb header_2_line_height=\u00a0\u00bb1.1em\u00a0\u00bb header_3_font=\u00a0\u00bb|600||on|||||\u00a0\u00bb header_3_font_size=\u00a0\u00bb15px\u00a0\u00bb text_orientation=\u00a0\u00bbcenter\u00a0\u00bb hover_enabled=\u00a0\u00bb0&Prime; global_colors_info=\u00a0\u00bb{}\u00a0\u00bb sticky_enabled=\u00a0\u00bb0&Prime;]<\/p>\n<h3>JPL Telecom<\/h3>\n<h2>Maximisez les performances de vos \u00e9quipes gr\u00e2ce aux casques et solutions de visioconf\u00e9rence JPL.<\/h2>\n<p>[\/et_pb_text][et_pb_divider divider_weight=\u00a0\u00bb4px\u00a0\u00bb _builder_version=\u00a0\u00bb4.18.0&Prime; _module_preset=\u00a0\u00bbdefault\u00a0\u00bb width=\u00a0\u00bb150px\u00a0\u00bb width_tablet=\u00a0\u00bb150px\u00a0\u00bb width_phone=\u00a0\u00bb125px\u00a0\u00bb width_last_edited=\u00a0\u00bbon|phone\u00a0\u00bb module_alignment=\u00a0\u00bbcenter\u00a0\u00bb custom_margin=\u00a0\u00bb-20px||||false|false\u00a0\u00bb global_colors_info=\u00a0\u00bb{}\u00a0\u00bb][\/et_pb_divider][\/et_pb_column][\/et_pb_row][et_pb_row _builder_version=\u00a0\u00bb4.18.0&Prime; _module_preset=\u00a0\u00bbdefault\u00a0\u00bb global_colors_info=\u00a0\u00bb{}\u00a0\u00bb][et_pb_column type=\u00a0\u00bb4_4&Prime; _builder_version=\u00a0\u00bb4.18.0&Prime; _module_preset=\u00a0\u00bbdefault\u00a0\u00bb global_colors_info=\u00a0\u00bb{}\u00a0\u00bb][et_pb_text _builder_version=\u00a0\u00bb4.27.4&Prime; _module_preset=\u00a0\u00bbdefault\u00a0\u00bb text_orientation=\u00a0\u00bbcenter\u00a0\u00bb hover_enabled=\u00a0\u00bb0&Prime; global_colors_info=\u00a0\u00bb{}\u00a0\u00bb sticky_enabled=\u00a0\u00bb0&Prime;]Pour toute question ou information compl\u00e9mentaire, n\u2019h\u00e9sitez pas \u00e0 nous contacter \u00e0 <span style=\"color: #00af69;\">support@actis.nl<\/span> ou <span style=\"color: #00af69;\">sales@actis.nl<\/span>.<br \/>\nD\u00e9marrez votre essai gratuit !<br \/>\n[\/et_pb_text][et_pb_button button_url=\u00a0\u00bbhttps:\/\/actis.nl\/fr\/contact\/\u00a0\u00bb button_text=\u00a0\u00bbContact\u00a0\u00bb button_alignment=\u00a0\u00bbcenter\u00a0\u00bb _builder_version=\u00a0\u00bb4.27.4&Prime; _module_preset=\u00a0\u00bbdefault\u00a0\u00bb hover_enabled=\u00a0\u00bb0&Prime; global_colors_info=\u00a0\u00bb{}\u00a0\u00bb sticky_enabled=\u00a0\u00bb0&Prime;][\/et_pb_button][\/et_pb_column][\/et_pb_row][\/et_pb_section]<\/p>\n","protected":false},"excerpt":{"rendered":"<p>JPL Casques professionnels &amp; solutions audioUne qualit\u00e9 abordable pour chaque espace de travail JPL con\u00e7oit des solutions audio et vid\u00e9o fiables pour la communication professionnelle moderne. Centres de contact, environnements de travail hybrides ou salles de r\u00e9union : JPL offre des performances constantes sans d\u00e9passer le budget.Pourquoi JPL via Actis ? Nous offrons \u00e0 nos partenaires l\u2019acc\u00e8s \u00e0 l\u2019ensemble du portefeuille JPL, des casques USB aux haut-parleurs de conf\u00e9rence et barres vid\u00e9o. Les designs modulaires de JPL permettent de remplacer facilement les pi\u00e8ces, r\u00e9duisant le co\u00fbt total de possession (TCO) et minimisant les d\u00e9chets \u00e9lectroniques. Id\u00e9al pour Les clients recherchant des \u00e9quipements robustes et faciles \u00e0 utiliser, avec un excellent rapport qualit\u00e9-prix. Principaux avantages Conception modulaire pour une maintenance simplifi\u00e9e et une dur\u00e9e de vie prolong\u00e9e Compatible avec Microsoft Teams, Zoom, Webex et plus encore Large gamme adapt\u00e9e \u00e0 diff\u00e9rents profils d\u2019utilisateurs V\u00e9ritable exp\u00e9rience plug-and-play, aucun pilote requis JPL est conforme \u00e0 la TAA Compatibilit\u00e9 Apportez une r\u00e9elle valeur \u00e0 vos clientsAvec JPL, vous aidez vos clients \u00e0 r\u00e9duire les co\u00fbts op\u00e9rationnels, \u00e0 soutenir le travail hybride et \u00e0 am\u00e9liorer la satisfaction des utilisateurs \u2014 sans compromis sur la qualit\u00e9 audio ni la robustesse. Via Actis, vous proposez des outils [&hellip;]<\/p>\n","protected":false},"author":2,"featured_media":0,"parent":0,"menu_order":11,"comment_status":"closed","ping_status":"closed","template":"","meta":{"_et_pb_use_builder":"on","_et_pb_old_content":"","_et_gb_content_width":"","footnotes":""},"class_list":["post-3162","page","type-page","status-publish","hentry"],"yoast_head":"<!-- This site is optimized with the Yoast SEO plugin v27.3 - https:\/\/yoast.com\/product\/yoast-seo-wordpress\/ -->\n<title>JPL - Actis.nl<\/title>\n<meta name=\"robots\" content=\"index, follow, max-snippet:-1, max-image-preview:large, max-video-preview:-1\" \/>\n<link rel=\"canonical\" href=\"https:\/\/actis.nl\/fr\/jpl\/\" \/>\n<meta property=\"og:locale\" content=\"fr_FR\" \/>\n<meta property=\"og:type\" content=\"article\" \/>\n<meta property=\"og:title\" content=\"JPL - Actis.nl\" \/>\n<meta property=\"og:description\" content=\"JPL Casques professionnels &amp; solutions audioUne qualit\u00e9 abordable pour chaque espace de travail JPL con\u00e7oit des solutions audio et vid\u00e9o fiables pour la communication professionnelle moderne. Centres de contact, environnements de travail hybrides ou salles de r\u00e9union : JPL offre des performances constantes sans d\u00e9passer le budget.Pourquoi JPL via Actis ? Nous offrons \u00e0 nos partenaires l\u2019acc\u00e8s \u00e0 l\u2019ensemble du portefeuille JPL, des casques USB aux haut-parleurs de conf\u00e9rence et barres vid\u00e9o. Les designs modulaires de JPL permettent de remplacer facilement les pi\u00e8ces, r\u00e9duisant le co\u00fbt total de possession (TCO) et minimisant les d\u00e9chets \u00e9lectroniques. Id\u00e9al pour Les clients recherchant des \u00e9quipements robustes et faciles \u00e0 utiliser, avec un excellent rapport qualit\u00e9-prix. Principaux avantages Conception modulaire pour une maintenance simplifi\u00e9e et une dur\u00e9e de vie prolong\u00e9e Compatible avec Microsoft Teams, Zoom, Webex et plus encore Large gamme adapt\u00e9e \u00e0 diff\u00e9rents profils d\u2019utilisateurs V\u00e9ritable exp\u00e9rience plug-and-play, aucun pilote requis JPL est conforme \u00e0 la TAA Compatibilit\u00e9 Apportez une r\u00e9elle valeur \u00e0 vos clientsAvec JPL, vous aidez vos clients \u00e0 r\u00e9duire les co\u00fbts op\u00e9rationnels, \u00e0 soutenir le travail hybride et \u00e0 am\u00e9liorer la satisfaction des utilisateurs \u2014 sans compromis sur la qualit\u00e9 audio ni la robustesse. Via Actis, vous proposez des outils [&hellip;]\" \/>\n<meta property=\"og:url\" content=\"https:\/\/actis.nl\/fr\/jpl\/\" \/>\n<meta property=\"og:site_name\" content=\"Actis.nl\" \/>\n<meta property=\"article:modified_time\" content=\"2025-09-08T07:15:31+00:00\" \/>\n<meta name=\"twitter:card\" content=\"summary_large_image\" \/>\n<meta name=\"twitter:label1\" content=\"Dur\u00e9e de lecture estim\u00e9e\" \/>\n\t<meta name=\"twitter:data1\" content=\"2 minutes\" \/>\n<script type=\"application\/ld+json\" class=\"yoast-schema-graph\">{\"@context\":\"https:\\\/\\\/schema.org\",\"@graph\":[{\"@type\":\"WebPage\",\"@id\":\"https:\\\/\\\/actis.nl\\\/fr\\\/jpl\\\/\",\"url\":\"https:\\\/\\\/actis.nl\\\/fr\\\/jpl\\\/\",\"name\":\"JPL - Actis.nl\",\"isPartOf\":{\"@id\":\"https:\\\/\\\/actis.nl\\\/#website\"},\"datePublished\":\"2025-07-03T06:10:03+00:00\",\"dateModified\":\"2025-09-08T07:15:31+00:00\",\"breadcrumb\":{\"@id\":\"https:\\\/\\\/actis.nl\\\/fr\\\/jpl\\\/#breadcrumb\"},\"inLanguage\":\"fr-FR\",\"potentialAction\":[{\"@type\":\"ReadAction\",\"target\":[\"https:\\\/\\\/actis.nl\\\/fr\\\/jpl\\\/\"]}]},{\"@type\":\"BreadcrumbList\",\"@id\":\"https:\\\/\\\/actis.nl\\\/fr\\\/jpl\\\/#breadcrumb\",\"itemListElement\":[{\"@type\":\"ListItem\",\"position\":1,\"name\":\"Home\",\"item\":\"https:\\\/\\\/actis.nl\\\/\"},{\"@type\":\"ListItem\",\"position\":2,\"name\":\"JPL\"}]},{\"@type\":\"WebSite\",\"@id\":\"https:\\\/\\\/actis.nl\\\/#website\",\"url\":\"https:\\\/\\\/actis.nl\\\/\",\"name\":\"Actis.nl\",\"description\":\"Value Added Distributor of AudioCodes\",\"potentialAction\":[{\"@type\":\"SearchAction\",\"target\":{\"@type\":\"EntryPoint\",\"urlTemplate\":\"https:\\\/\\\/actis.nl\\\/?s={search_term_string}\"},\"query-input\":{\"@type\":\"PropertyValueSpecification\",\"valueRequired\":true,\"valueName\":\"search_term_string\"}}],\"inLanguage\":\"fr-FR\"}]}<\/script>\n<!-- \/ Yoast SEO plugin. -->","yoast_head_json":{"title":"JPL - Actis.nl","robots":{"index":"index","follow":"follow","max-snippet":"max-snippet:-1","max-image-preview":"max-image-preview:large","max-video-preview":"max-video-preview:-1"},"canonical":"https:\/\/actis.nl\/fr\/jpl\/","og_locale":"fr_FR","og_type":"article","og_title":"JPL - Actis.nl","og_description":"JPL Casques professionnels &amp; solutions audioUne qualit\u00e9 abordable pour chaque espace de travail JPL con\u00e7oit des solutions audio et vid\u00e9o fiables pour la communication professionnelle moderne. Centres de contact, environnements de travail hybrides ou salles de r\u00e9union : JPL offre des performances constantes sans d\u00e9passer le budget.Pourquoi JPL via Actis ? Nous offrons \u00e0 nos partenaires l\u2019acc\u00e8s \u00e0 l\u2019ensemble du portefeuille JPL, des casques USB aux haut-parleurs de conf\u00e9rence et barres vid\u00e9o. Les designs modulaires de JPL permettent de remplacer facilement les pi\u00e8ces, r\u00e9duisant le co\u00fbt total de possession (TCO) et minimisant les d\u00e9chets \u00e9lectroniques. Id\u00e9al pour Les clients recherchant des \u00e9quipements robustes et faciles \u00e0 utiliser, avec un excellent rapport qualit\u00e9-prix. Principaux avantages Conception modulaire pour une maintenance simplifi\u00e9e et une dur\u00e9e de vie prolong\u00e9e Compatible avec Microsoft Teams, Zoom, Webex et plus encore Large gamme adapt\u00e9e \u00e0 diff\u00e9rents profils d\u2019utilisateurs V\u00e9ritable exp\u00e9rience plug-and-play, aucun pilote requis JPL est conforme \u00e0 la TAA Compatibilit\u00e9 Apportez une r\u00e9elle valeur \u00e0 vos clientsAvec JPL, vous aidez vos clients \u00e0 r\u00e9duire les co\u00fbts op\u00e9rationnels, \u00e0 soutenir le travail hybride et \u00e0 am\u00e9liorer la satisfaction des utilisateurs \u2014 sans compromis sur la qualit\u00e9 audio ni la robustesse. Via Actis, vous proposez des outils [&hellip;]","og_url":"https:\/\/actis.nl\/fr\/jpl\/","og_site_name":"Actis.nl","article_modified_time":"2025-09-08T07:15:31+00:00","twitter_card":"summary_large_image","twitter_misc":{"Dur\u00e9e de lecture estim\u00e9e":"2 minutes"},"schema":{"@context":"https:\/\/schema.org","@graph":[{"@type":"WebPage","@id":"https:\/\/actis.nl\/fr\/jpl\/","url":"https:\/\/actis.nl\/fr\/jpl\/","name":"JPL - Actis.nl","isPartOf":{"@id":"https:\/\/actis.nl\/#website"},"datePublished":"2025-07-03T06:10:03+00:00","dateModified":"2025-09-08T07:15:31+00:00","breadcrumb":{"@id":"https:\/\/actis.nl\/fr\/jpl\/#breadcrumb"},"inLanguage":"fr-FR","potentialAction":[{"@type":"ReadAction","target":["https:\/\/actis.nl\/fr\/jpl\/"]}]},{"@type":"BreadcrumbList","@id":"https:\/\/actis.nl\/fr\/jpl\/#breadcrumb","itemListElement":[{"@type":"ListItem","position":1,"name":"Home","item":"https:\/\/actis.nl\/"},{"@type":"ListItem","position":2,"name":"JPL"}]},{"@type":"WebSite","@id":"https:\/\/actis.nl\/#website","url":"https:\/\/actis.nl\/","name":"Actis.nl","description":"Value Added Distributor of AudioCodes","potentialAction":[{"@type":"SearchAction","target":{"@type":"EntryPoint","urlTemplate":"https:\/\/actis.nl\/?s={search_term_string}"},"query-input":{"@type":"PropertyValueSpecification","valueRequired":true,"valueName":"search_term_string"}}],"inLanguage":"fr-FR"}]}},"_links":{"self":[{"href":"https:\/\/actis.nl\/fr\/wp-json\/wp\/v2\/pages\/3162","targetHints":{"allow":["GET"]}}],"collection":[{"href":"https:\/\/actis.nl\/fr\/wp-json\/wp\/v2\/pages"}],"about":[{"href":"https:\/\/actis.nl\/fr\/wp-json\/wp\/v2\/types\/page"}],"author":[{"embeddable":true,"href":"https:\/\/actis.nl\/fr\/wp-json\/wp\/v2\/users\/2"}],"replies":[{"embeddable":true,"href":"https:\/\/actis.nl\/fr\/wp-json\/wp\/v2\/comments?post=3162"}],"version-history":[{"count":3,"href":"https:\/\/actis.nl\/fr\/wp-json\/wp\/v2\/pages\/3162\/revisions"}],"predecessor-version":[{"id":3167,"href":"https:\/\/actis.nl\/fr\/wp-json\/wp\/v2\/pages\/3162\/revisions\/3167"}],"wp:attachment":[{"href":"https:\/\/actis.nl\/fr\/wp-json\/wp\/v2\/media?parent=3162"}],"curies":[{"name":"wp","href":"https:\/\/api.w.org\/{rel}","templated":true}]}}