{"id":1002,"date":"2022-10-25T03:53:46","date_gmt":"2022-10-25T03:53:46","guid":{"rendered":"https:\/\/actis.nl\/cc4all\/microsoft-dynamics\/"},"modified":"2023-03-14T07:37:10","modified_gmt":"2023-03-14T07:37:10","slug":"microsoft-dynamics","status":"publish","type":"page","link":"https:\/\/actis.nl\/fr\/cc4all\/microsoft-dynamics\/","title":{"rendered":"Microsoft Dynamics"},"content":{"rendered":"<p>[et_pb_section fb_built=\u00a0\u00bb1&Prime; _builder_version=\u00a0\u00bb4.19.5&Prime; _module_preset=\u00a0\u00bbdefault\u00a0\u00bb background_image=\u00a0\u00bbhttps:\/\/actis.nl\/wp-content\/uploads\/2023\/01\/header-cc4all-cc4teams.jpg\u00a0\u00bb custom_padding=\u00a0\u00bb100px||100px||true|false\u00a0\u00bb global_colors_info=\u00a0\u00bb{}\u00a0\u00bb][et_pb_row _builder_version=\u00a0\u00bb4.19.4&Prime; _module_preset=\u00a0\u00bbdefault\u00a0\u00bb global_colors_info=\u00a0\u00bb{}\u00a0\u00bb][et_pb_column type=\u00a0\u00bb4_4&Prime; _builder_version=\u00a0\u00bb4.19.4&Prime; _module_preset=\u00a0\u00bbdefault\u00a0\u00bb global_colors_info=\u00a0\u00bb{}\u00a0\u00bb][\/et_pb_column][\/et_pb_row][\/et_pb_section][et_pb_section fb_built=\u00a0\u00bb1&Prime; custom_padding_last_edited=\u00a0\u00bbon|phone\u00a0\u00bb _builder_version=\u00a0\u00bb4.18.0&Prime; _module_preset=\u00a0\u00bbdefault\u00a0\u00bb custom_padding=\u00a0\u00bb40px||40px||false|false\u00a0\u00bb custom_padding_tablet=\u00a0\u00bb40px||40px||false|false\u00a0\u00bb custom_padding_phone=\u00a0\u00bb20px||20px||false|false\u00a0\u00bb global_colors_info=\u00a0\u00bb{}\u00a0\u00bb][et_pb_row _builder_version=\u00a0\u00bb4.18.0&Prime; _module_preset=\u00a0\u00bbdefault\u00a0\u00bb global_colors_info=\u00a0\u00bb{}\u00a0\u00bb][et_pb_column type=\u00a0\u00bb4_4&Prime; _builder_version=\u00a0\u00bb4.18.0&Prime; _module_preset=\u00a0\u00bbdefault\u00a0\u00bb global_colors_info=\u00a0\u00bb{}\u00a0\u00bb][et_pb_text _builder_version=\u00a0\u00bb4.18.0&Prime; _module_preset=\u00a0\u00bbdefault\u00a0\u00bb header_font=\u00a0\u00bb|600|||||||\u00a0\u00bb header_line_height=\u00a0\u00bb1.1em\u00a0\u00bb header_2_font=\u00a0\u00bb|600|||||||\u00a0\u00bb header_2_font_size=\u00a0\u00bb30px\u00a0\u00bb header_2_line_height=\u00a0\u00bb1.1em\u00a0\u00bb header_3_font=\u00a0\u00bb|600||on|||||\u00a0\u00bb header_3_font_size=\u00a0\u00bb15px\u00a0\u00bb custom_padding=\u00a0\u00bb|60%|||false|false\u00a0\u00bb custom_padding_tablet=\u00a0\u00bb|30%|||false|false\u00a0\u00bb custom_padding_phone=\u00a0\u00bb|0%|||false|false\u00a0\u00bb custom_padding_last_edited=\u00a0\u00bbon|phone\u00a0\u00bb header_font_size_tablet=\u00a0\u00bb\u00a0\u00bb header_font_size_phone=\u00a0\u00bb26px\u00a0\u00bb header_font_size_last_edited=\u00a0\u00bbon|phone\u00a0\u00bb global_colors_info=\u00a0\u00bb{}\u00a0\u00bb]<\/p>\n<h3>ContactCenter Software<\/h3>\n<h1>CC4Dynamics<\/h1>\n<p>[\/et_pb_text][et_pb_divider divider_weight=\u00a0\u00bb4px\u00a0\u00bb _builder_version=\u00a0\u00bb4.18.0&Prime; _module_preset=\u00a0\u00bbdefault\u00a0\u00bb width=\u00a0\u00bb150px\u00a0\u00bb width_tablet=\u00a0\u00bb150px\u00a0\u00bb width_phone=\u00a0\u00bb125px\u00a0\u00bb width_last_edited=\u00a0\u00bbon|phone\u00a0\u00bb custom_margin=\u00a0\u00bb-20px||||false|false\u00a0\u00bb global_colors_info=\u00a0\u00bb{}\u00a0\u00bb][\/et_pb_divider][\/et_pb_column][\/et_pb_row][et_pb_row column_structure=\u00a0\u00bb2_3,1_3&Prime; _builder_version=\u00a0\u00bb4.18.0&Prime; _module_preset=\u00a0\u00bbdefault\u00a0\u00bb custom_padding=\u00a0\u00bb0px||||false|false\u00a0\u00bb global_colors_info=\u00a0\u00bb{}\u00a0\u00bb][et_pb_column type=\u00a0\u00bb2_3&Prime; _builder_version=\u00a0\u00bb4.18.0&Prime; _module_preset=\u00a0\u00bbdefault\u00a0\u00bb global_colors_info=\u00a0\u00bb{}\u00a0\u00bb][et_pb_text _builder_version=\u00a0\u00bb4.20.2&Prime; _module_preset=\u00a0\u00bbdefault\u00a0\u00bb hover_enabled=\u00a0\u00bb0&Prime; global_colors_info=\u00a0\u00bb{}\u00a0\u00bb sticky_enabled=\u00a0\u00bb0&Prime;]<\/p>\n<p style=\"font-weight: 400;\">Centre de contact fonctionnant directement sous Dynamics. Qui aurait-il de plus efficace pour votre \u00e9quipe de commerciaux que de faire leurs appels directement depuis Microsoft Dynamic\u00a0? Avec CC4Dynamics, l\u2019int\u00e9gration avec Microsoft<span>\u00a0<\/span><span>Dynamices<\/span><span>\u00a0<\/span>est non seulement possible\u00a0; mais nous l\u2019avons am\u00e9lior\u00e9 avec les fonctionnalit\u00e9s du contact center n\u00e9cessaires au succ\u00e8s de votre \u00e9quipe. Avec CC4Dynamics, les canaux voix sont compl\u00e8tement int\u00e9gr\u00e9s dans Microsoft Dynamics 365.<\/p>\n<p style=\"font-weight: 400;\">Cette<span>\u00a0<\/span><span>integration<\/span><span>\u00a0<\/span>permet des fonctionnalit\u00e9s voix telles que le appels, l\u2019enregistrement vocal, le transfert assist\u00e9 ou \u00e0 l\u2019aveugle.<\/p>\n<p>[\/et_pb_text][\/et_pb_column][et_pb_column type=\u00a0\u00bb1_3&Prime; _builder_version=\u00a0\u00bb4.18.0&Prime; _module_preset=\u00a0\u00bbdefault\u00a0\u00bb global_colors_info=\u00a0\u00bb{}\u00a0\u00bb][et_pb_image src=\u00a0\u00bbhttps:\/\/actis.nl\/wp-content\/uploads\/2022\/10\/actis-cc4dynamics.jpg\u00a0\u00bb alt=\u00a0\u00bbMicrosoft Dynamics\u00a0\u00bb _builder_version=\u00a0\u00bb4.18.0&Prime; _module_preset=\u00a0\u00bbdefault\u00a0\u00bb border_radii=\u00a0\u00bbon|4px|4px|4px|4px\u00a0\u00bb global_colors_info=\u00a0\u00bb{}\u00a0\u00bb][\/et_pb_image][\/et_pb_column][\/et_pb_row][\/et_pb_section][et_pb_section fb_built=\u00a0\u00bb1&Prime; _builder_version=\u00a0\u00bb4.18.0&Prime; _module_preset=\u00a0\u00bbdefault\u00a0\u00bb background_color=\u00a0\u00bb#e7ecef\u00a0\u00bb custom_padding=\u00a0\u00bb40px||60px||false|false\u00a0\u00bb saved_tabs=\u00a0\u00bball\u00a0\u00bb global_colors_info=\u00a0\u00bb{}\u00a0\u00bb][et_pb_row _builder_version=\u00a0\u00bb4.18.0&Prime; _module_preset=\u00a0\u00bbdefault\u00a0\u00bb custom_padding=\u00a0\u00bb||0px||false|false\u00a0\u00bb global_colors_info=\u00a0\u00bb{}\u00a0\u00bb][et_pb_column type=\u00a0\u00bb4_4&Prime; _builder_version=\u00a0\u00bb4.18.0&Prime; _module_preset=\u00a0\u00bbdefault\u00a0\u00bb global_colors_info=\u00a0\u00bb{}\u00a0\u00bb][et_pb_text _builder_version=\u00a0\u00bb4.20.2&Prime; _module_preset=\u00a0\u00bbdefault\u00a0\u00bb header_2_font=\u00a0\u00bb|600|||||||\u00a0\u00bb header_2_font_size=\u00a0\u00bb30px\u00a0\u00bb header_2_line_height=\u00a0\u00bb1.1em\u00a0\u00bb header_3_font=\u00a0\u00bb|600||on|||||\u00a0\u00bb header_3_font_size=\u00a0\u00bb15px\u00a0\u00bb text_orientation=\u00a0\u00bbcenter\u00a0\u00bb hover_enabled=\u00a0\u00bb0&Prime; global_colors_info=\u00a0\u00bb{}\u00a0\u00bb sticky_enabled=\u00a0\u00bb0&Prime;]<\/p>\n<h3>CC4All<\/h3>\n<h2>Toutes les solutions Microsoft par Actis<\/h2>\n<p>[\/et_pb_text][et_pb_divider divider_weight=\u00a0\u00bb4px\u00a0\u00bb _builder_version=\u00a0\u00bb4.18.0&Prime; _module_preset=\u00a0\u00bbdefault\u00a0\u00bb width=\u00a0\u00bb150px\u00a0\u00bb width_tablet=\u00a0\u00bb150px\u00a0\u00bb width_phone=\u00a0\u00bb125px\u00a0\u00bb width_last_edited=\u00a0\u00bbon|phone\u00a0\u00bb module_alignment=\u00a0\u00bbcenter\u00a0\u00bb custom_margin=\u00a0\u00bb-20px||||false|false\u00a0\u00bb global_colors_info=\u00a0\u00bb{}\u00a0\u00bb][\/et_pb_divider][\/et_pb_column][\/et_pb_row][et_pb_row _builder_version=\u00a0\u00bb4.18.0&Prime; _module_preset=\u00a0\u00bbdefault\u00a0\u00bb global_colors_info=\u00a0\u00bb{}\u00a0\u00bb][et_pb_column type=\u00a0\u00bb4_4&Prime; _builder_version=\u00a0\u00bb4.18.0&Prime; _module_preset=\u00a0\u00bbdefault\u00a0\u00bb global_colors_info=\u00a0\u00bb{}\u00a0\u00bb][et_pb_text _builder_version=\u00a0\u00bb4.20.2&Prime; _module_preset=\u00a0\u00bbdefault\u00a0\u00bb text_orientation=\u00a0\u00bbcenter\u00a0\u00bb hover_enabled=\u00a0\u00bb0&Prime; global_colors_info=\u00a0\u00bb{}\u00a0\u00bb sticky_enabled=\u00a0\u00bb0&Prime;]<\/p>\n<p>Contactez-nous pour plus d&rsquo;informations.<\/p>\n<p>[\/et_pb_text][et_pb_button button_url=\u00a0\u00bbhttps:\/\/actis.nl\/fr\/contact\/\u00a0\u00bb button_text=\u00a0\u00bbContactez-nous\u00a0\u00bb button_alignment=\u00a0\u00bbcenter\u00a0\u00bb _builder_version=\u00a0\u00bb4.20.2&Prime; _module_preset=\u00a0\u00bbdefault\u00a0\u00bb hover_enabled=\u00a0\u00bb0&Prime; global_colors_info=\u00a0\u00bb{}\u00a0\u00bb sticky_enabled=\u00a0\u00bb0&Prime;][\/et_pb_button][\/et_pb_column][\/et_pb_row][\/et_pb_section]<\/p>\n","protected":false},"excerpt":{"rendered":"<p>ContactCenter Software CC4DynamicsCentre de contact fonctionnant directement sous Dynamics. Qui aurait-il de plus efficace pour votre \u00e9quipe de commerciaux que de faire leurs appels directement depuis Microsoft Dynamic\u00a0? Avec CC4Dynamics, l\u2019int\u00e9gration avec Microsoft\u00a0Dynamices\u00a0est non seulement possible\u00a0; mais nous l\u2019avons am\u00e9lior\u00e9 avec les fonctionnalit\u00e9s du contact center n\u00e9cessaires au succ\u00e8s de votre \u00e9quipe. Avec CC4Dynamics, les canaux voix sont compl\u00e8tement int\u00e9gr\u00e9s dans Microsoft Dynamics 365. Cette\u00a0integration\u00a0permet des fonctionnalit\u00e9s voix telles que le appels, l\u2019enregistrement vocal, le transfert assist\u00e9 ou \u00e0 l\u2019aveugle.CC4All Toutes les solutions Microsoft par ActisContactez-nous pour plus d&rsquo;informations.<\/p>\n","protected":false},"author":2,"featured_media":0,"parent":974,"menu_order":2,"comment_status":"closed","ping_status":"closed","template":"","meta":{"_et_pb_use_builder":"on","_et_pb_old_content":"","_et_gb_content_width":"","footnotes":""},"class_list":["post-1002","page","type-page","status-publish","hentry"],"yoast_head":"<!-- This site is optimized with the Yoast SEO plugin v27.2 - https:\/\/yoast.com\/product\/yoast-seo-wordpress\/ -->\n<title>Microsoft Dynamics - Actis.nl<\/title>\n<meta name=\"robots\" content=\"index, follow, max-snippet:-1, max-image-preview:large, max-video-preview:-1\" \/>\n<link rel=\"canonical\" href=\"https:\/\/actis.nl\/fr\/cc4all\/microsoft-dynamics\/\" \/>\n<meta property=\"og:locale\" content=\"fr_FR\" \/>\n<meta property=\"og:type\" content=\"article\" \/>\n<meta property=\"og:title\" content=\"Microsoft Dynamics - Actis.nl\" \/>\n<meta property=\"og:description\" content=\"ContactCenter Software CC4DynamicsCentre de contact fonctionnant directement sous Dynamics. Qui aurait-il de plus efficace pour votre \u00e9quipe de commerciaux que de faire leurs appels directement depuis Microsoft Dynamic\u00a0? Avec CC4Dynamics, l\u2019int\u00e9gration avec Microsoft\u00a0Dynamices\u00a0est non seulement possible\u00a0; mais nous l\u2019avons am\u00e9lior\u00e9 avec les fonctionnalit\u00e9s du contact center n\u00e9cessaires au succ\u00e8s de votre \u00e9quipe. Avec CC4Dynamics, les canaux voix sont compl\u00e8tement int\u00e9gr\u00e9s dans Microsoft Dynamics 365. Cette\u00a0integration\u00a0permet des fonctionnalit\u00e9s voix telles que le appels, l\u2019enregistrement vocal, le transfert assist\u00e9 ou \u00e0 l\u2019aveugle.CC4All Toutes les solutions Microsoft par ActisContactez-nous pour plus d&#039;informations.\" \/>\n<meta property=\"og:url\" content=\"https:\/\/actis.nl\/fr\/cc4all\/microsoft-dynamics\/\" \/>\n<meta property=\"og:site_name\" content=\"Actis.nl\" \/>\n<meta property=\"article:modified_time\" content=\"2023-03-14T07:37:10+00:00\" \/>\n<meta name=\"twitter:card\" content=\"summary_large_image\" \/>\n<meta name=\"twitter:label1\" content=\"Dur\u00e9e de lecture estim\u00e9e\" \/>\n\t<meta name=\"twitter:data1\" content=\"1 minute\" \/>\n<script type=\"application\/ld+json\" class=\"yoast-schema-graph\">{\"@context\":\"https:\/\/schema.org\",\"@graph\":[{\"@type\":\"WebPage\",\"@id\":\"https:\/\/actis.nl\/fr\/cc4all\/microsoft-dynamics\/\",\"url\":\"https:\/\/actis.nl\/fr\/cc4all\/microsoft-dynamics\/\",\"name\":\"Microsoft Dynamics - Actis.nl\",\"isPartOf\":{\"@id\":\"https:\/\/actis.nl\/#website\"},\"datePublished\":\"2022-10-25T03:53:46+00:00\",\"dateModified\":\"2023-03-14T07:37:10+00:00\",\"breadcrumb\":{\"@id\":\"https:\/\/actis.nl\/fr\/cc4all\/microsoft-dynamics\/#breadcrumb\"},\"inLanguage\":\"fr-FR\",\"potentialAction\":[{\"@type\":\"ReadAction\",\"target\":[\"https:\/\/actis.nl\/fr\/cc4all\/microsoft-dynamics\/\"]}]},{\"@type\":\"BreadcrumbList\",\"@id\":\"https:\/\/actis.nl\/fr\/cc4all\/microsoft-dynamics\/#breadcrumb\",\"itemListElement\":[{\"@type\":\"ListItem\",\"position\":1,\"name\":\"Home\",\"item\":\"https:\/\/actis.nl\/\"},{\"@type\":\"ListItem\",\"position\":2,\"name\":\"CC4All\",\"item\":\"https:\/\/actis.nl\/fr\/cc4all\/\"},{\"@type\":\"ListItem\",\"position\":3,\"name\":\"Microsoft Dynamics\"}]},{\"@type\":\"WebSite\",\"@id\":\"https:\/\/actis.nl\/#website\",\"url\":\"https:\/\/actis.nl\/\",\"name\":\"Actis.nl\",\"description\":\"Value Added Distributor of AudioCodes\",\"potentialAction\":[{\"@type\":\"SearchAction\",\"target\":{\"@type\":\"EntryPoint\",\"urlTemplate\":\"https:\/\/actis.nl\/?s={search_term_string}\"},\"query-input\":{\"@type\":\"PropertyValueSpecification\",\"valueRequired\":true,\"valueName\":\"search_term_string\"}}],\"inLanguage\":\"fr-FR\"}]}<\/script>\n<!-- \/ Yoast SEO plugin. -->","yoast_head_json":{"title":"Microsoft Dynamics - Actis.nl","robots":{"index":"index","follow":"follow","max-snippet":"max-snippet:-1","max-image-preview":"max-image-preview:large","max-video-preview":"max-video-preview:-1"},"canonical":"https:\/\/actis.nl\/fr\/cc4all\/microsoft-dynamics\/","og_locale":"fr_FR","og_type":"article","og_title":"Microsoft Dynamics - Actis.nl","og_description":"ContactCenter Software CC4DynamicsCentre de contact fonctionnant directement sous Dynamics. Qui aurait-il de plus efficace pour votre \u00e9quipe de commerciaux que de faire leurs appels directement depuis Microsoft Dynamic\u00a0? Avec CC4Dynamics, l\u2019int\u00e9gration avec Microsoft\u00a0Dynamices\u00a0est non seulement possible\u00a0; mais nous l\u2019avons am\u00e9lior\u00e9 avec les fonctionnalit\u00e9s du contact center n\u00e9cessaires au succ\u00e8s de votre \u00e9quipe. Avec CC4Dynamics, les canaux voix sont compl\u00e8tement int\u00e9gr\u00e9s dans Microsoft Dynamics 365. Cette\u00a0integration\u00a0permet des fonctionnalit\u00e9s voix telles que le appels, l\u2019enregistrement vocal, le transfert assist\u00e9 ou \u00e0 l\u2019aveugle.CC4All Toutes les solutions Microsoft par ActisContactez-nous pour plus d'informations.","og_url":"https:\/\/actis.nl\/fr\/cc4all\/microsoft-dynamics\/","og_site_name":"Actis.nl","article_modified_time":"2023-03-14T07:37:10+00:00","twitter_card":"summary_large_image","twitter_misc":{"Dur\u00e9e de lecture estim\u00e9e":"1 minute"},"schema":{"@context":"https:\/\/schema.org","@graph":[{"@type":"WebPage","@id":"https:\/\/actis.nl\/fr\/cc4all\/microsoft-dynamics\/","url":"https:\/\/actis.nl\/fr\/cc4all\/microsoft-dynamics\/","name":"Microsoft Dynamics - Actis.nl","isPartOf":{"@id":"https:\/\/actis.nl\/#website"},"datePublished":"2022-10-25T03:53:46+00:00","dateModified":"2023-03-14T07:37:10+00:00","breadcrumb":{"@id":"https:\/\/actis.nl\/fr\/cc4all\/microsoft-dynamics\/#breadcrumb"},"inLanguage":"fr-FR","potentialAction":[{"@type":"ReadAction","target":["https:\/\/actis.nl\/fr\/cc4all\/microsoft-dynamics\/"]}]},{"@type":"BreadcrumbList","@id":"https:\/\/actis.nl\/fr\/cc4all\/microsoft-dynamics\/#breadcrumb","itemListElement":[{"@type":"ListItem","position":1,"name":"Home","item":"https:\/\/actis.nl\/"},{"@type":"ListItem","position":2,"name":"CC4All","item":"https:\/\/actis.nl\/fr\/cc4all\/"},{"@type":"ListItem","position":3,"name":"Microsoft Dynamics"}]},{"@type":"WebSite","@id":"https:\/\/actis.nl\/#website","url":"https:\/\/actis.nl\/","name":"Actis.nl","description":"Value Added Distributor of AudioCodes","potentialAction":[{"@type":"SearchAction","target":{"@type":"EntryPoint","urlTemplate":"https:\/\/actis.nl\/?s={search_term_string}"},"query-input":{"@type":"PropertyValueSpecification","valueRequired":true,"valueName":"search_term_string"}}],"inLanguage":"fr-FR"}]}},"_links":{"self":[{"href":"https:\/\/actis.nl\/fr\/wp-json\/wp\/v2\/pages\/1002","targetHints":{"allow":["GET"]}}],"collection":[{"href":"https:\/\/actis.nl\/fr\/wp-json\/wp\/v2\/pages"}],"about":[{"href":"https:\/\/actis.nl\/fr\/wp-json\/wp\/v2\/types\/page"}],"author":[{"embeddable":true,"href":"https:\/\/actis.nl\/fr\/wp-json\/wp\/v2\/users\/2"}],"replies":[{"embeddable":true,"href":"https:\/\/actis.nl\/fr\/wp-json\/wp\/v2\/comments?post=1002"}],"version-history":[{"count":4,"href":"https:\/\/actis.nl\/fr\/wp-json\/wp\/v2\/pages\/1002\/revisions"}],"predecessor-version":[{"id":1505,"href":"https:\/\/actis.nl\/fr\/wp-json\/wp\/v2\/pages\/1002\/revisions\/1505"}],"up":[{"embeddable":true,"href":"https:\/\/actis.nl\/fr\/wp-json\/wp\/v2\/pages\/974"}],"wp:attachment":[{"href":"https:\/\/actis.nl\/fr\/wp-json\/wp\/v2\/media?parent=1002"}],"curies":[{"name":"wp","href":"https:\/\/api.w.org\/{rel}","templated":true}]}}