{"id":1001,"date":"2022-10-25T04:06:02","date_gmt":"2022-10-25T04:06:02","guid":{"rendered":"https:\/\/actis.nl\/cc4all\/cc4teams\/"},"modified":"2023-03-14T07:41:45","modified_gmt":"2023-03-14T07:41:45","slug":"cc4teams","status":"publish","type":"page","link":"https:\/\/actis.nl\/fr\/cc4all\/cc4teams\/","title":{"rendered":"CC4Teams"},"content":{"rendered":"<p>[et_pb_section fb_built=\u00a0\u00bb1&Prime; _builder_version=\u00a0\u00bb4.19.5&Prime; _module_preset=\u00a0\u00bbdefault\u00a0\u00bb background_image=\u00a0\u00bbhttps:\/\/actis.nl\/wp-content\/uploads\/2023\/01\/header-cc4all-cc4teams.jpg\u00a0\u00bb custom_padding=\u00a0\u00bb100px||100px||true|false\u00a0\u00bb global_colors_info=\u00a0\u00bb{}\u00a0\u00bb][et_pb_row _builder_version=\u00a0\u00bb4.19.4&Prime; _module_preset=\u00a0\u00bbdefault\u00a0\u00bb global_colors_info=\u00a0\u00bb{}\u00a0\u00bb][et_pb_column type=\u00a0\u00bb4_4&Prime; _builder_version=\u00a0\u00bb4.19.4&Prime; _module_preset=\u00a0\u00bbdefault\u00a0\u00bb global_colors_info=\u00a0\u00bb{}\u00a0\u00bb][\/et_pb_column][\/et_pb_row][\/et_pb_section][et_pb_section fb_built=\u00a0\u00bb1&Prime; custom_padding_last_edited=\u00a0\u00bbon|phone\u00a0\u00bb _builder_version=\u00a0\u00bb4.18.0&Prime; _module_preset=\u00a0\u00bbdefault\u00a0\u00bb custom_padding=\u00a0\u00bb40px||40px||false|false\u00a0\u00bb custom_padding_tablet=\u00a0\u00bb40px||40px||false|false\u00a0\u00bb custom_padding_phone=\u00a0\u00bb20px||20px||false|false\u00a0\u00bb global_colors_info=\u00a0\u00bb{}\u00a0\u00bb][et_pb_row _builder_version=\u00a0\u00bb4.18.0&Prime; _module_preset=\u00a0\u00bbdefault\u00a0\u00bb global_colors_info=\u00a0\u00bb{}\u00a0\u00bb][et_pb_column type=\u00a0\u00bb4_4&Prime; _builder_version=\u00a0\u00bb4.18.0&Prime; _module_preset=\u00a0\u00bbdefault\u00a0\u00bb global_colors_info=\u00a0\u00bb{}\u00a0\u00bb][et_pb_text _builder_version=\u00a0\u00bb4.20.2&Prime; _module_preset=\u00a0\u00bbdefault\u00a0\u00bb header_font=\u00a0\u00bb|600|||||||\u00a0\u00bb header_line_height=\u00a0\u00bb1.1em\u00a0\u00bb header_2_font=\u00a0\u00bb|600|||||||\u00a0\u00bb header_2_font_size=\u00a0\u00bb30px\u00a0\u00bb header_2_line_height=\u00a0\u00bb1.1em\u00a0\u00bb header_3_font=\u00a0\u00bb|600||on|||||\u00a0\u00bb header_3_font_size=\u00a0\u00bb15px\u00a0\u00bb custom_padding=\u00a0\u00bb|60%|||false|false\u00a0\u00bb custom_padding_tablet=\u00a0\u00bb|30%|||false|false\u00a0\u00bb custom_padding_phone=\u00a0\u00bb|0%|||false|false\u00a0\u00bb custom_padding_last_edited=\u00a0\u00bbon|phone\u00a0\u00bb hover_enabled=\u00a0\u00bb0&Prime; header_font_size_tablet=\u00a0\u00bb\u00a0\u00bb header_font_size_phone=\u00a0\u00bb26px\u00a0\u00bb header_font_size_last_edited=\u00a0\u00bbon|phone\u00a0\u00bb global_colors_info=\u00a0\u00bb{}\u00a0\u00bb sticky_enabled=\u00a0\u00bb0&Prime;]<\/p>\n<h3>Contact Center Teams<\/h3>\n<h1><span>Collaborez et communiquez avec CC4Teams<\/span><\/h1>\n<p>[\/et_pb_text][et_pb_divider divider_weight=\u00a0\u00bb4px\u00a0\u00bb _builder_version=\u00a0\u00bb4.18.0&Prime; _module_preset=\u00a0\u00bbdefault\u00a0\u00bb width=\u00a0\u00bb150px\u00a0\u00bb width_tablet=\u00a0\u00bb150px\u00a0\u00bb width_phone=\u00a0\u00bb125px\u00a0\u00bb width_last_edited=\u00a0\u00bbon|phone\u00a0\u00bb custom_margin=\u00a0\u00bb-20px||||false|false\u00a0\u00bb global_colors_info=\u00a0\u00bb{}\u00a0\u00bb][\/et_pb_divider][\/et_pb_column][\/et_pb_row][et_pb_row column_structure=\u00a0\u00bb2_3,1_3&Prime; _builder_version=\u00a0\u00bb4.18.0&Prime; _module_preset=\u00a0\u00bbdefault\u00a0\u00bb custom_padding=\u00a0\u00bb0px||||false|false\u00a0\u00bb global_colors_info=\u00a0\u00bb{}\u00a0\u00bb][et_pb_column type=\u00a0\u00bb2_3&Prime; _builder_version=\u00a0\u00bb4.18.0&Prime; _module_preset=\u00a0\u00bbdefault\u00a0\u00bb global_colors_info=\u00a0\u00bb{}\u00a0\u00bb][et_pb_text _builder_version=\u00a0\u00bb4.20.2&Prime; _module_preset=\u00a0\u00bbdefault\u00a0\u00bb hover_enabled=\u00a0\u00bb0&Prime; global_colors_info=\u00a0\u00bb{}\u00a0\u00bb sticky_enabled=\u00a0\u00bb0&Prime;]<\/p>\n<p style=\"font-weight: 400;\">CC4Teams est d\u00e9velopp\u00e9e en ayant \u00e0 l\u2019esprit la communication et la collaboration.CC4Teams rajoute des fonctionnalit\u00e9s dont les agents de Contact Center ont besoin. Ces \u00e9l\u00e9ments permettent la mise en place de moyens innovants et efficaces pour votre \u00e9quipe et vos groupes de contact center pour am\u00e9liorer leurs performances, avec par exemple, la possibilit\u00e9 d\u2019acc\u00e9der \u00e0 la base de connaissance de tout une \u00e9quipe, ou d\u2019utiliser le chat Teams et de dialoguer entre agents sur un sujet particulier. Toutes les conversations d\u2019agents avec les membres de leur \u00e9quipe restent disponibles en un seul endroit pour retrouver rapidement des r\u00e9f\u00e9rences. Trouver des r\u00e9ponses ad\u00e9quates rapidement maximise d\u2019efficacit\u00e9 des agents.<\/p>\n<p style=\"font-weight: 400;\">Avec CC4Teams, les canaux voix sont compl\u00e8tement int\u00e9gr\u00e9s. Cette int\u00e9gration permet des fonctionnalit\u00e9s voix telles que les appels entrants, l\u2019enregistrement des communications, et le transfert assist\u00e9 ou \u00e0 l\u2019aveugle.<\/p>\n<p>[\/et_pb_text][\/et_pb_column][et_pb_column type=\u00a0\u00bb1_3&Prime; _builder_version=\u00a0\u00bb4.18.0&Prime; _module_preset=\u00a0\u00bbdefault\u00a0\u00bb global_colors_info=\u00a0\u00bb{}\u00a0\u00bb][et_pb_image src=\u00a0\u00bbhttps:\/\/actis.nl\/wp-content\/uploads\/2022\/10\/actis-cc4teams.jpg\u00a0\u00bb alt=\u00a0\u00bbCC4Teams\u00a0\u00bb _builder_version=\u00a0\u00bb4.18.0&Prime; _module_preset=\u00a0\u00bbdefault\u00a0\u00bb border_radii=\u00a0\u00bbon|4px|4px|4px|4px\u00a0\u00bb global_colors_info=\u00a0\u00bb{}\u00a0\u00bb][\/et_pb_image][\/et_pb_column][\/et_pb_row][\/et_pb_section][et_pb_section fb_built=\u00a0\u00bb1&Prime; _builder_version=\u00a0\u00bb4.18.0&Prime; _module_preset=\u00a0\u00bbdefault\u00a0\u00bb background_color=\u00a0\u00bb#e7ecef\u00a0\u00bb custom_padding=\u00a0\u00bb40px||60px||false|false\u00a0\u00bb saved_tabs=\u00a0\u00bball\u00a0\u00bb global_colors_info=\u00a0\u00bb{}\u00a0\u00bb][et_pb_row _builder_version=\u00a0\u00bb4.18.0&Prime; _module_preset=\u00a0\u00bbdefault\u00a0\u00bb custom_padding=\u00a0\u00bb||0px||false|false\u00a0\u00bb global_colors_info=\u00a0\u00bb{}\u00a0\u00bb][et_pb_column type=\u00a0\u00bb4_4&Prime; _builder_version=\u00a0\u00bb4.18.0&Prime; _module_preset=\u00a0\u00bbdefault\u00a0\u00bb global_colors_info=\u00a0\u00bb{}\u00a0\u00bb][et_pb_text _builder_version=\u00a0\u00bb4.20.2&Prime; _module_preset=\u00a0\u00bbdefault\u00a0\u00bb header_2_font=\u00a0\u00bb|600|||||||\u00a0\u00bb header_2_font_size=\u00a0\u00bb30px\u00a0\u00bb header_2_line_height=\u00a0\u00bb1.1em\u00a0\u00bb header_3_font=\u00a0\u00bb|600||on|||||\u00a0\u00bb header_3_font_size=\u00a0\u00bb15px\u00a0\u00bb text_orientation=\u00a0\u00bbcenter\u00a0\u00bb hover_enabled=\u00a0\u00bb0&Prime; global_colors_info=\u00a0\u00bb{}\u00a0\u00bb sticky_enabled=\u00a0\u00bb0&Prime;]<\/p>\n<h3>CC4All<\/h3>\n<h2>Toutes les solutions Microsoft par Actis<\/h2>\n<p>[\/et_pb_text][et_pb_divider divider_weight=\u00a0\u00bb4px\u00a0\u00bb _builder_version=\u00a0\u00bb4.18.0&Prime; _module_preset=\u00a0\u00bbdefault\u00a0\u00bb width=\u00a0\u00bb150px\u00a0\u00bb width_tablet=\u00a0\u00bb150px\u00a0\u00bb width_phone=\u00a0\u00bb125px\u00a0\u00bb width_last_edited=\u00a0\u00bbon|phone\u00a0\u00bb module_alignment=\u00a0\u00bbcenter\u00a0\u00bb custom_margin=\u00a0\u00bb-20px||||false|false\u00a0\u00bb global_colors_info=\u00a0\u00bb{}\u00a0\u00bb][\/et_pb_divider][\/et_pb_column][\/et_pb_row][et_pb_row _builder_version=\u00a0\u00bb4.18.0&Prime; _module_preset=\u00a0\u00bbdefault\u00a0\u00bb global_colors_info=\u00a0\u00bb{}\u00a0\u00bb][et_pb_column type=\u00a0\u00bb4_4&Prime; _builder_version=\u00a0\u00bb4.18.0&Prime; _module_preset=\u00a0\u00bbdefault\u00a0\u00bb global_colors_info=\u00a0\u00bb{}\u00a0\u00bb][et_pb_text _builder_version=\u00a0\u00bb4.20.2&Prime; _module_preset=\u00a0\u00bbdefault\u00a0\u00bb text_orientation=\u00a0\u00bbcenter\u00a0\u00bb hover_enabled=\u00a0\u00bb0&Prime; global_colors_info=\u00a0\u00bb{}\u00a0\u00bb sticky_enabled=\u00a0\u00bb0&Prime;]<\/p>\n<p>Contactez-nous pour plus d&rsquo;informations.<\/p>\n<p>[\/et_pb_text][et_pb_button button_url=\u00a0\u00bbhttps:\/\/actis.nl\/fr\/contact\/\u00a0\u00bb button_text=\u00a0\u00bbContactez-nous\u00a0\u00bb button_alignment=\u00a0\u00bbcenter\u00a0\u00bb _builder_version=\u00a0\u00bb4.20.2&Prime; _module_preset=\u00a0\u00bbdefault\u00a0\u00bb hover_enabled=\u00a0\u00bb0&Prime; global_colors_info=\u00a0\u00bb{}\u00a0\u00bb sticky_enabled=\u00a0\u00bb0&Prime;][\/et_pb_button][\/et_pb_column][\/et_pb_row][\/et_pb_section]<\/p>\n","protected":false},"excerpt":{"rendered":"<p>Contact Center Teams Collaborez et communiquez avec CC4TeamsCC4Teams est d\u00e9velopp\u00e9e en ayant \u00e0 l\u2019esprit la communication et la collaboration.CC4Teams rajoute des fonctionnalit\u00e9s dont les agents de Contact Center ont besoin. Ces \u00e9l\u00e9ments permettent la mise en place de moyens innovants et efficaces pour votre \u00e9quipe et vos groupes de contact center pour am\u00e9liorer leurs performances, avec par exemple, la possibilit\u00e9 d\u2019acc\u00e9der \u00e0 la base de connaissance de tout une \u00e9quipe, ou d\u2019utiliser le chat Teams et de dialoguer entre agents sur un sujet particulier. Toutes les conversations d\u2019agents avec les membres de leur \u00e9quipe restent disponibles en un seul endroit pour retrouver rapidement des r\u00e9f\u00e9rences. Trouver des r\u00e9ponses ad\u00e9quates rapidement maximise d\u2019efficacit\u00e9 des agents. Avec CC4Teams, les canaux voix sont compl\u00e8tement int\u00e9gr\u00e9s. Cette int\u00e9gration permet des fonctionnalit\u00e9s voix telles que les appels entrants, l\u2019enregistrement des communications, et le transfert assist\u00e9 ou \u00e0 l\u2019aveugle.CC4All Toutes les solutions Microsoft par ActisContactez-nous pour plus d&rsquo;informations.<\/p>\n","protected":false},"author":2,"featured_media":0,"parent":974,"menu_order":3,"comment_status":"closed","ping_status":"closed","template":"","meta":{"_et_pb_use_builder":"on","_et_pb_old_content":"","_et_gb_content_width":"","footnotes":""},"class_list":["post-1001","page","type-page","status-publish","hentry"],"yoast_head":"<!-- This site is optimized with the Yoast SEO plugin v27.4 - https:\/\/yoast.com\/product\/yoast-seo-wordpress\/ -->\n<title>CC4Teams - Actis.nl<\/title>\n<meta name=\"robots\" content=\"index, follow, max-snippet:-1, max-image-preview:large, max-video-preview:-1\" \/>\n<link rel=\"canonical\" href=\"https:\/\/actis.nl\/fr\/cc4all\/cc4teams\/\" \/>\n<meta property=\"og:locale\" content=\"fr_FR\" \/>\n<meta property=\"og:type\" content=\"article\" \/>\n<meta property=\"og:title\" content=\"CC4Teams - Actis.nl\" \/>\n<meta property=\"og:description\" content=\"Contact Center Teams Collaborez et communiquez avec CC4TeamsCC4Teams est d\u00e9velopp\u00e9e en ayant \u00e0 l\u2019esprit la communication et la collaboration.CC4Teams rajoute des fonctionnalit\u00e9s dont les agents de Contact Center ont besoin. Ces \u00e9l\u00e9ments permettent la mise en place de moyens innovants et efficaces pour votre \u00e9quipe et vos groupes de contact center pour am\u00e9liorer leurs performances, avec par exemple, la possibilit\u00e9 d\u2019acc\u00e9der \u00e0 la base de connaissance de tout une \u00e9quipe, ou d\u2019utiliser le chat Teams et de dialoguer entre agents sur un sujet particulier. Toutes les conversations d\u2019agents avec les membres de leur \u00e9quipe restent disponibles en un seul endroit pour retrouver rapidement des r\u00e9f\u00e9rences. Trouver des r\u00e9ponses ad\u00e9quates rapidement maximise d\u2019efficacit\u00e9 des agents. Avec CC4Teams, les canaux voix sont compl\u00e8tement int\u00e9gr\u00e9s. Cette int\u00e9gration permet des fonctionnalit\u00e9s voix telles que les appels entrants, l\u2019enregistrement des communications, et le transfert assist\u00e9 ou \u00e0 l\u2019aveugle.CC4All Toutes les solutions Microsoft par ActisContactez-nous pour plus d&#039;informations.\" \/>\n<meta property=\"og:url\" content=\"https:\/\/actis.nl\/fr\/cc4all\/cc4teams\/\" \/>\n<meta property=\"og:site_name\" content=\"Actis.nl\" \/>\n<meta property=\"article:modified_time\" content=\"2023-03-14T07:41:45+00:00\" \/>\n<meta name=\"twitter:card\" content=\"summary_large_image\" \/>\n<meta name=\"twitter:label1\" content=\"Dur\u00e9e de lecture estim\u00e9e\" \/>\n\t<meta name=\"twitter:data1\" content=\"2 minutes\" \/>\n<script type=\"application\/ld+json\" class=\"yoast-schema-graph\">{\"@context\":\"https:\\\/\\\/schema.org\",\"@graph\":[{\"@type\":\"WebPage\",\"@id\":\"https:\\\/\\\/actis.nl\\\/fr\\\/cc4all\\\/cc4teams\\\/\",\"url\":\"https:\\\/\\\/actis.nl\\\/fr\\\/cc4all\\\/cc4teams\\\/\",\"name\":\"CC4Teams - Actis.nl\",\"isPartOf\":{\"@id\":\"https:\\\/\\\/actis.nl\\\/#website\"},\"datePublished\":\"2022-10-25T04:06:02+00:00\",\"dateModified\":\"2023-03-14T07:41:45+00:00\",\"breadcrumb\":{\"@id\":\"https:\\\/\\\/actis.nl\\\/fr\\\/cc4all\\\/cc4teams\\\/#breadcrumb\"},\"inLanguage\":\"fr-FR\",\"potentialAction\":[{\"@type\":\"ReadAction\",\"target\":[\"https:\\\/\\\/actis.nl\\\/fr\\\/cc4all\\\/cc4teams\\\/\"]}]},{\"@type\":\"BreadcrumbList\",\"@id\":\"https:\\\/\\\/actis.nl\\\/fr\\\/cc4all\\\/cc4teams\\\/#breadcrumb\",\"itemListElement\":[{\"@type\":\"ListItem\",\"position\":1,\"name\":\"Home\",\"item\":\"https:\\\/\\\/actis.nl\\\/\"},{\"@type\":\"ListItem\",\"position\":2,\"name\":\"CC4All\",\"item\":\"https:\\\/\\\/actis.nl\\\/fr\\\/cc4all\\\/\"},{\"@type\":\"ListItem\",\"position\":3,\"name\":\"CC4Teams\"}]},{\"@type\":\"WebSite\",\"@id\":\"https:\\\/\\\/actis.nl\\\/#website\",\"url\":\"https:\\\/\\\/actis.nl\\\/\",\"name\":\"Actis.nl\",\"description\":\"Value Added Distributor of AudioCodes\",\"potentialAction\":[{\"@type\":\"SearchAction\",\"target\":{\"@type\":\"EntryPoint\",\"urlTemplate\":\"https:\\\/\\\/actis.nl\\\/?s={search_term_string}\"},\"query-input\":{\"@type\":\"PropertyValueSpecification\",\"valueRequired\":true,\"valueName\":\"search_term_string\"}}],\"inLanguage\":\"fr-FR\"}]}<\/script>\n<!-- \/ Yoast SEO plugin. -->","yoast_head_json":{"title":"CC4Teams - Actis.nl","robots":{"index":"index","follow":"follow","max-snippet":"max-snippet:-1","max-image-preview":"max-image-preview:large","max-video-preview":"max-video-preview:-1"},"canonical":"https:\/\/actis.nl\/fr\/cc4all\/cc4teams\/","og_locale":"fr_FR","og_type":"article","og_title":"CC4Teams - Actis.nl","og_description":"Contact Center Teams Collaborez et communiquez avec CC4TeamsCC4Teams est d\u00e9velopp\u00e9e en ayant \u00e0 l\u2019esprit la communication et la collaboration.CC4Teams rajoute des fonctionnalit\u00e9s dont les agents de Contact Center ont besoin. Ces \u00e9l\u00e9ments permettent la mise en place de moyens innovants et efficaces pour votre \u00e9quipe et vos groupes de contact center pour am\u00e9liorer leurs performances, avec par exemple, la possibilit\u00e9 d\u2019acc\u00e9der \u00e0 la base de connaissance de tout une \u00e9quipe, ou d\u2019utiliser le chat Teams et de dialoguer entre agents sur un sujet particulier. Toutes les conversations d\u2019agents avec les membres de leur \u00e9quipe restent disponibles en un seul endroit pour retrouver rapidement des r\u00e9f\u00e9rences. Trouver des r\u00e9ponses ad\u00e9quates rapidement maximise d\u2019efficacit\u00e9 des agents. Avec CC4Teams, les canaux voix sont compl\u00e8tement int\u00e9gr\u00e9s. Cette int\u00e9gration permet des fonctionnalit\u00e9s voix telles que les appels entrants, l\u2019enregistrement des communications, et le transfert assist\u00e9 ou \u00e0 l\u2019aveugle.CC4All Toutes les solutions Microsoft par ActisContactez-nous pour plus d'informations.","og_url":"https:\/\/actis.nl\/fr\/cc4all\/cc4teams\/","og_site_name":"Actis.nl","article_modified_time":"2023-03-14T07:41:45+00:00","twitter_card":"summary_large_image","twitter_misc":{"Dur\u00e9e de lecture estim\u00e9e":"2 minutes"},"schema":{"@context":"https:\/\/schema.org","@graph":[{"@type":"WebPage","@id":"https:\/\/actis.nl\/fr\/cc4all\/cc4teams\/","url":"https:\/\/actis.nl\/fr\/cc4all\/cc4teams\/","name":"CC4Teams - Actis.nl","isPartOf":{"@id":"https:\/\/actis.nl\/#website"},"datePublished":"2022-10-25T04:06:02+00:00","dateModified":"2023-03-14T07:41:45+00:00","breadcrumb":{"@id":"https:\/\/actis.nl\/fr\/cc4all\/cc4teams\/#breadcrumb"},"inLanguage":"fr-FR","potentialAction":[{"@type":"ReadAction","target":["https:\/\/actis.nl\/fr\/cc4all\/cc4teams\/"]}]},{"@type":"BreadcrumbList","@id":"https:\/\/actis.nl\/fr\/cc4all\/cc4teams\/#breadcrumb","itemListElement":[{"@type":"ListItem","position":1,"name":"Home","item":"https:\/\/actis.nl\/"},{"@type":"ListItem","position":2,"name":"CC4All","item":"https:\/\/actis.nl\/fr\/cc4all\/"},{"@type":"ListItem","position":3,"name":"CC4Teams"}]},{"@type":"WebSite","@id":"https:\/\/actis.nl\/#website","url":"https:\/\/actis.nl\/","name":"Actis.nl","description":"Value Added Distributor of AudioCodes","potentialAction":[{"@type":"SearchAction","target":{"@type":"EntryPoint","urlTemplate":"https:\/\/actis.nl\/?s={search_term_string}"},"query-input":{"@type":"PropertyValueSpecification","valueRequired":true,"valueName":"search_term_string"}}],"inLanguage":"fr-FR"}]}},"_links":{"self":[{"href":"https:\/\/actis.nl\/fr\/wp-json\/wp\/v2\/pages\/1001","targetHints":{"allow":["GET"]}}],"collection":[{"href":"https:\/\/actis.nl\/fr\/wp-json\/wp\/v2\/pages"}],"about":[{"href":"https:\/\/actis.nl\/fr\/wp-json\/wp\/v2\/types\/page"}],"author":[{"embeddable":true,"href":"https:\/\/actis.nl\/fr\/wp-json\/wp\/v2\/users\/2"}],"replies":[{"embeddable":true,"href":"https:\/\/actis.nl\/fr\/wp-json\/wp\/v2\/comments?post=1001"}],"version-history":[{"count":5,"href":"https:\/\/actis.nl\/fr\/wp-json\/wp\/v2\/pages\/1001\/revisions"}],"predecessor-version":[{"id":1509,"href":"https:\/\/actis.nl\/fr\/wp-json\/wp\/v2\/pages\/1001\/revisions\/1509"}],"up":[{"embeddable":true,"href":"https:\/\/actis.nl\/fr\/wp-json\/wp\/v2\/pages\/974"}],"wp:attachment":[{"href":"https:\/\/actis.nl\/fr\/wp-json\/wp\/v2\/media?parent=1001"}],"curies":[{"name":"wp","href":"https:\/\/api.w.org\/{rel}","templated":true}]}}